{"id":40772,"date":"2026-01-12T08:56:51","date_gmt":"2026-01-12T13:56:51","guid":{"rendered":"https:\/\/staging.amacorprintz.com\/?post_type=product&#038;p=40772"},"modified":"2026-01-12T10:19:38","modified_gmt":"2026-01-12T15:19:38","slug":"dtv-personnalise-colorprint-easy","status":"publish","type":"product","link":"https:\/\/staging.amacorprintz.com\/fr\/product\/dtv-personnalise-colorprint-easy\/","title":{"rendered":"DTV personnalis\u00e9 &#8211; ColorPrint Easy"},"content":{"rendered":"<h3>Pr\u00eat \u00e0 appliquer, simple et pratique<\/h3>\n<p>Envoyez-nous votre illustration num\u00e9rique : nous l&rsquo;imprimerons, la d\u00e9couperons et l&rsquo;\u00e9chenillerons sur des feuilles de support transparentes.<br \/>\nVous recevrez des transferts pr\u00eats \u00e0 \u00eatre appliqu\u00e9s directement \u00e0 la chaleur.<\/p>\n<h4>Instructions pour la presse \u00e0 chaud<\/h4>\n<ul>\n<li data-start=\"562\" data-end=\"608\">Instructions pour la presse \u00e0 chaud<\/li>\n<li data-start=\"562\" data-end=\"608\">Utilisation : feuille de protection<\/li>\n<li data-start=\"562\" data-end=\"608\">Pr\u00e9chauffage : v\u00eatement pendant 2 \u00e0 3 secondes.<\/li>\n<li data-start=\"562\" data-end=\"608\">Temp\u00e9rature : 300 \u00b0F (149 \u00b0C)<\/li>\n<li data-start=\"562\" data-end=\"608\">Dur\u00e9e : 15 secondes<\/li>\n<li data-start=\"562\" data-end=\"608\">Pression : moyenne<\/li>\n<li data-start=\"562\" data-end=\"608\">D\u00e9collement : \u00e0 chaud<\/li>\n<\/ul>\n<h4>Entretien :<\/h4>\n<ul>\n<li>Attendez 24 heures apr\u00e8s l&rsquo;application.<\/li>\n<li>Lavez \u00e0 froid \u00e0 la machine avec un d\u00e9tergent doux.<\/li>\n<li>Ne pas blanchir, nettoyer \u00e0 sec ou utiliser d&rsquo;adoucissant liquide.<\/li>\n<li>S\u00e9chez \u00e0 temp\u00e9rature normale.<\/li>\n<\/ul>\n","protected":false},"excerpt":{"rendered":"<h5>Se transf\u00e8re facilement sur le masque sans effort. Le support se d\u00e9colle \u00e9galement tr\u00e8s facilement !<\/h5>\n<p>S&rsquo;applique \u00e0 seulement 300 \u00b0F, ce qui permet d&rsquo;utiliser des mat\u00e9riaux sp\u00e9ciaux n\u00e9cessitant des temp\u00e9ratures plus basses.<br \/>\nR\u00e9sultats durables et \u00e9clatants sans br\u00fblures ni dommages.<\/p>\n","protected":false},"featured_media":39965,"comment_status":"open","ping_status":"closed","template":"","meta":{"_acf_changed":false,"_seopress_robots_primary_cat":"","_seopress_titles_title":"","_seopress_titles_desc":"","_seopress_robots_index":"","_kb_optimizer_status":0,"_kad_blocks_custom_css":"","_kad_blocks_head_custom_js":"","_kad_blocks_body_custom_js":"","_kad_blocks_footer_custom_js":"","_kad_post_transparent":"default","_kad_post_title":"","_kad_post_layout":"default","_kad_post_sidebar_id":"","_kad_post_content_style":"default","_kad_post_vertical_padding":"default","_kad_post_feature":"","_kad_post_feature_position":"","_kad_post_header":false,"_kad_post_footer":false,"_kad_post_classname":""},"product_brand":[],"product_cat":[1593,634],"product_tag":[],"product_brands":[],"class_list":{"0":"post-40772","1":"product","2":"type-product","3":"status-publish","4":"has-post-thumbnail","6":"product_cat-dtv","7":"product_cat-pret-pour-application","8":"wcpa_has_options","10":"first","11":"instock","12":"taxable","13":"shipping-taxable","14":"purchasable","15":"product-type-simple","16":"entry","17":"content-bg","18":"loop-entry"},"acf":[],"taxonomy_info":{"product_cat":[{"value":1593,"label":"DTV"},{"value":634,"label":"Pr\u00eat pour application"}]},"featured_image_src_large":["https:\/\/staging.amacorprintz.com\/wp-content\/uploads\/2025\/12\/ColorPrint_Easy-TikiLounge-1024x1024.jpg",1024,1024,true],"author_info":[],"comment_info":0,"wcpa_form_fields":{"wcpaData":{"product":{"product_price":0,"price_html":"<span class=\"woocommerce-Price-amount amount\"> <\/span>","original_product_price":0,"price_including_tax":0,"price_excluding_tax":0,"product_id":{"parent":40772,"variation":false},"is_variable":false,"stock_status":"instock","stock_quantity":null,"parent_sku":"AP-RTA-CPEZ2955001","product_attributes":[],"custom_fields":{"wcpa_pcf_sso_1color":"(({quantity}>1151)?(1.52) : (({quantity}>575)?(1.79) : (({quantity}>287)?(1.97) : (({quantity}>143)?(2.96) : (({quantity}>71)?(3.49) : (({quantity}>47)?(4.93) : (({quantity}>23)?(7.08) : (0))))))))","wcpa_pcf_sso_2colors":"(({quantity}>1151)?(1.88) : (({quantity}>575)?(2.24) : (({quantity}>287)?(2.60) : (({quantity}>143)?(3.85) : (({quantity}>71)?(5.02) : (({quantity}>47)?(6.72) : (({quantity}>23)?(9.77) : (0))))))))","wcpa_pcf_sso_3colors":"(({quantity}>1151)?(2.24) : (({quantity}>575)?(2.69) : (({quantity}>287)?(3.23) : (({quantity}>143)?(4.75) : (({quantity}>71)?(6.54) : (({quantity}>47)?(8.51) : (({quantity}>23)?(12.46) : (0))))))))","wcpa_pcf_sso_4colors":"(({quantity}>1151)?(2.60) : (({quantity}>575)?(3.14) : (({quantity}>287)?(3.85) : (({quantity}>143)?(5.65) : (({quantity}>71)?(8.06) : (({quantity}>47)?(10.30) : (({quantity}>23)?(15.14) : (0))))))))","wcpa_pcf_sso_5colors":"(({quantity}>1151)?(2.96) : (({quantity}>575)?(3.58) : (({quantity}>287)?(4.48) : (({quantity}>143)?(6.54) : (0)))))","wcpa_pcf_widthheightpat":"{field.number_566e9ea3614825.value}*{field.number_566e9ea361482f.value}"},"is_taxable":true,"product_name":"DTV personnalis\u00e9 - ColorPrint Easy","hasImage":false},"fields":{"sec_1068d6bdcf1314f":{"extra":{"key":"sec_1068d6bdcf1314f","section_id":"sec_1068d6bdcf1314f","name":"","status":1,"cl_rule":"show","enableCl":false,"relations":[],"toggle":true,"title_tag":"h3","show_title":false,"showPrice":"hide","repeater_section_field_label":"{field_label} ","repeater_section_label":"{section_name} - {counter} ","repeater_bind":"","repeater":false,"repeater_max":"5","layout_option":"standard","form_id":37812,"form_rules":{"exclude_from_discount":false,"fee_label":"Frais Additionnels","disp_hide_options_price":true,"disp_show_section_price":false,"disp_show_field_price":true,"layout_option":"standard","pric_use_as_fee":false,"process_fee_as":"woo_fee"}},"fields":[[{"label":"Artwork Upload","active":true,"required":false,"elementId":"file_868d6bdcf13178","upload_type":"droppable","file_types":[],"description":"Accepted files are vector only .ai, .eps & .pdf which must have all text converted to curves.","name":"file_868d6bdcf13178","label_position":"above","desc_position":"above","enablePrice":false,"className":"","enableCl":true,"relations":[{"operator":false,"rules":[{"operator":"AND","rules":{"cl_field":"file_368d6bdcf1316e","cl_relation":"is_not_empty","cl_val":""}}]}],"repeater_bind":"","repeater_field_label":"{field_label}","quantity_label":"Quantity","quantity_step":"1","quantity_decimal":false,"min_quantity":"1","uploadSize":500,"exts_supported":[".ai",".eps",".pdf"],"pricingType":"fixed","isTemplate":false,"price":"50","isWeightTemplate":false,"cl_rule":"hide","col":2,"type":"file","error":false,"use_as_fee":true,"tooltip":"Vector files: Ai, Eps, Pdf","allowedFileTypes":".ai,.eps,.pdf","gt_translate_keys":["label","description","tooltip","repeater_field_label","quantity_label"],"price_dependency":false,"cl_dependency":false,"value":""}]]},"sec_2696121b66378c":{"extra":{"key":"sec_2696121b66378c","section_id":"sec_2696121b66378c","name":"Default","status":1,"cl_rule":"show","enableCl":false,"relations":[],"toggle":true,"title_tag":"h3","show_title":false,"showPrice":"default","form_id":40786,"form_rules":{"exclude_from_discount":false,"fee_label":"Frais Additionnels","disp_hide_options_price":true,"disp_show_section_price":false,"disp_show_field_price":true,"layout_option":"standard","pric_use_as_fee":false,"process_fee_as":"woo_fee"},"layout_option":"standard"},"fields":[[{"active":true,"col":2,"relations":false,"cl_rule":"show","enableCl":false,"price":"","enablePrice":false,"className":"","label_position":"default","desc_position":"default","type":"number","required":true,"elementId":"number_0696121b6637ad","label":"Width (in)","name":"number_0696121b6637ad","value":"0","error":false,"max":"","min":"","pricingType":"custom","isTemplate":true,"is_show_price":true,"formulaId":"fmla_1717440335960519124","placeholder":"0","isWeightTemplate":false,"min_quantity":"1","quantity_decimal":false,"quantity_step":"1","quantity_label":"Quantity","repeater_field_label":"{field_label}","repeater_bind":"","gt_translate_keys":["label","placeholder","value","repeater_field_label","quantity_label"],"price_dependency":["number_9696121b6637b7"],"cl_dependency":false},{"label":"Height (in)","active":true,"required":true,"elementId":"number_2696121b6637b3","value":"0","name":"number_2696121b6637b3","label_position":"above","desc_position":"below","enablePrice":true,"className":"","enableCl":true,"relations":[{"operator":false,"rules":[{"operator":"AND","rules":{"cl_field":"","cl_relation":"","cl_val":""}}]}],"min":"","max":"","price":"50","cl_rule":"show","col":2,"type":"number","error":false,"pricingType":"custom","isTemplate":true,"formulaId":"fmla_1758739647018127701","placeholder":"0","use_as_fee":false,"hideFieldIn_cart":true,"hideFieldIn_order":true,"isWeightTemplate":false,"min_quantity":"1","quantity_decimal":false,"quantity_step":"1","quantity_label":"Quantity","repeater_field_label":"{field_label}","repeater_bind":"","is_show_price":true,"gt_translate_keys":["label","placeholder","value","repeater_field_label","quantity_label"],"price_dependency":["number_9696121b6637b7"],"cl_dependency":false},{"active":true,"col":2,"relations":[{"operator":false,"rules":[{"operator":"AND","rules":{"cl_field":"attribute","cl_relation":"is","cl_val":"color-dm","cl_field_sub":"pa_custom-dtv"}}]}],"cl_rule":"show","enableCl":false,"price":"({quantity}>499)?0.11:(({quantity}>249)?0.12:(({quantity}>74)?0.13:(({quantity}>24)?0.17:({field.number_0696121b6637ad.value}*{field.number_2696121b6637b3.value}))))","enablePrice":true,"className":"","label_position":"default","desc_position":"default","type":"number","required":true,"elementId":"number_9696121b6637b7","label":"Total Quantity ","name":"number_9696121b6637b7","value":"1","error":false,"hideFieldIn_cart":true,"hideFieldIn_order":true,"is_show_price":false,"pricingType":"custom","isTemplate":true,"formulaId":"fmla_1753898907151744203","enable_quantity":false,"quantity_label":"Quantity","min":"1","placeholder":"1","requiredError":"Minimum order value for this product is $35.","minValueError":"","tooltip":"","isWeightTemplate":false,"min_quantity":"1","quantity_decimal":false,"quantity_step":"1","repeater_field_label":"{field_label}","repeater_bind":"","gt_translate_keys":["label","placeholder","value","tooltip","repeater_field_label","quantity_label","requiredError","minValueError"],"price_dependency":["checkbox_2696121b6637bc"],"cl_dependency":false}],[{"active":true,"col":6,"relations":false,"cl_rule":"show","enableCl":false,"price":"{field.number_9696121b6637b7.price}\/{quantity}","enablePrice":true,"className":"","label_position":"default","desc_position":"default","type":"checkbox","required":true,"elementId":"checkbox_2696121b6637bc","label":"Unit Price","name":"checkbox_2696121b6637bc","value":true,"check_value":"Yes","checkUi":"","error":false,"description":"","pricingType":"custom","isTemplate":true,"is_show_price":true,"hideFieldIn_cart":true,"hideFieldIn_order":true,"isWeightTemplate":false,"min_quantity":"1","quantity_decimal":false,"quantity_step":"1","quantity_label":"Quantity","repeater_field_label":"{field_label}","repeater_bind":"","formulaId":"fmla_1757527427721712074","gt_translate_keys":["label","description","value","repeater_field_label","quantity_label","check_value"],"price_dependency":false,"cl_dependency":false}],[{"label":"Digital art fee","active":true,"required":true,"elementId":"checkbox_8696121b6637c0","check_value":"Yes","value":true,"description":"","name":"checkbox_8696121b6637c0","label_position":"default","desc_position":"default","enablePrice":true,"className":"","enableCl":false,"relations":[{"operator":false,"rules":[{"operator":"AND","rules":{"cl_field":"attribute","cl_relation":"is","cl_val":"color-dm","cl_field_sub":"pa_custom-dtv"}}]}],"checkUi":"","pricingType":"custom","isTemplate":false,"price":"50","use_as_fee":true,"is_show_price":false,"cl_rule":"show","col":6,"type":"checkbox","error":false,"gt_translate_keys":["label","description","value","check_value"],"price_dependency":false,"cl_dependency":false}]]}},"config":{"price_override":"if_gt_zero","enable_recaptcha":false,"bind_quantity":true,"quantity_bind_formula":"{field.number_9696121b6637b7.value}","disp_summ_show_option_price":true,"disp_summ_show_product_price":true,"disp_summ_show_total_price":true,"disp_summ_show_fee":true,"disp_summ_show_discount":true,"summary_title":"","options_total_label":"Subtotal Decoration","total_label":"Sous-total","options_product_label":"Subtotal Product","fee_label":"Frais Additionnels","discount_label":"Discount","has_price":true,"has_quantity_formula":true},"mc_unit":1,"tax_rate":1,"tax_rate_real":0.14975,"discount":{"percentage":0,"fixed":0},"design":{"conf":{"LabelPosition":"above","DescPosition":"below","UploadField":"custom_1","QuantityFieldStyle":"default"},"css":{"LeftLabelWidth":"120px"}},"formulas":{"fmla_1755008450981720221":"{field.number_368d6bdcf1318d.price}*Math.ceil(((({field.number_868d6bdcf13187.value}*{field.number_368d6bdcf1318d.value}))))\n\n","fmla_1757527724882230416":"({field.number_368d6bdcf1318d.price}*Math.ceil(((({field.number_868d6bdcf13187.value}*{field.number_368d6bdcf1318d.value})))))\/{quantity}","fmla_1758895538308356219":"lookup(wcpa-table-1755008406,((({field.number_868d6bdcf13187.value}*{field.number_368d6bdcf1318d.value}))),{quantity},ceil)","fmla_1753898907151744203":"{field.number_2696121b6637b3.price}*Math.ceil(((({field.number_0696121b6637ad.value}*{field.number_2696121b6637b3.value}))\n))\n","fmla_1757527427721712074":"({field.number_2696121b6637b3.price}*Math.ceil(((({field.number_0696121b6637ad.value}*{field.number_2696121b6637b3.value}))\n)))\/{quantity}","fmla_1758739647018127701":"lookup(wcpa-table-1767966188,((({field.number_0696121b6637ad.value}*{field.number_2696121b6637b3.value}))\n),{quantity},ceil)"},"lookuptables":{"wcpa-table-1755008406":{"data":[{"a":"\ufeff","b":"1","c":"99999","d":null,"e":null,"f":null,"g":null,"h":null,"i":null},{"a":"1","b":"0.07","c":"0.07","d":null,"e":null,"f":null,"g":null,"h":null,"i":null},{"b":"0.07","c":"0.07","d":null,"e":null,"f":null,"g":null,"h":null,"i":null,"a":"144"}],"columns":[{"id":"a","columnData":{"key":"a","original":{"component":{"compare":null,"displayName":"TextComponent"},"columnData":{"alignRight":false,"continuousUpdates":true}}},"title":"A"},{"id":"b","columnData":{"key":"b","original":{"component":{"compare":null,"displayName":"TextComponent"},"columnData":{"alignRight":false,"continuousUpdates":true}}},"title":"B"},{"id":"c","columnData":{"key":"c","original":{"component":{"compare":null,"displayName":"TextComponent"},"columnData":{"alignRight":false,"continuousUpdates":true}}},"title":"C"},{"id":"d","columnData":{"key":"d","original":{"component":{"compare":null,"displayName":"TextComponent"},"columnData":{"alignRight":false,"continuousUpdates":true}}},"title":"D"},{"id":"e","columnData":{"key":"e","original":{"component":{"compare":null,"displayName":"TextComponent"},"columnData":{"alignRight":false,"continuousUpdates":true}}},"title":"E"},{"id":"f","columnData":{"key":"f","original":{"component":{"compare":null,"displayName":"TextComponent"},"columnData":{"alignRight":false,"continuousUpdates":true}}},"title":"F"},{"id":"g","columnData":{"key":"g","original":{"component":{"compare":null,"displayName":"TextComponent"},"columnData":{"alignRight":false,"continuousUpdates":true}}},"title":"G"},{"id":"h","columnData":{"key":"h","original":{"component":{"compare":null,"displayName":"TextComponent"},"columnData":{"alignRight":false,"continuousUpdates":true}}},"title":"H"},{"id":"i","columnData":{"key":"i","original":{"component":{"compare":null,"displayName":"TextComponent"},"columnData":{"alignRight":false,"continuousUpdates":true}}},"title":"I"}]},"wcpa-table-1767966188":{"data":[{"a":"\ufeff","b":"1","c":"24","d":"25","e":"74","f":"75","g":"249","h":"250","i":"499","j":"500","k":"9999"},{"a":"0.01","b":"0.33","c":"0.33","d":"0.60","e":"0.60","f":"0.53","g":"0.53","h":"0.47","i":"0.47","j":"0.45","k":"0.45"},{"a":"20","b":"0.33","c":"0.33","d":"0.60","e":"0.60","f":"0.53","g":"0.53","h":"0.47","i":"0.47","j":"0.45","k":"0.45"},{"a":"20.01","b":"0.32","c":"0.32","d":"0.57","e":"0.57","f":"0.50","g":"0.50","h":"0.43","i":"0.43","j":"0.42","k":"0.42"},{"a":"40","b":"0.32","c":"0.32","d":"0.57","e":"0.57","f":"0.50","g":"0.50","h":"0.43","i":"0.43","j":"0.42","k":"0.42"},{"a":"40.01","b":"0.25","c":"0.25","d":"0.40","e":"0.40","f":"0.35","g":"0.35","h":"0.30","i":"0.30","j":"0.28","k":"0.28"},{"a":"60","b":"0.25","c":"0.25","d":"0.40","e":"0.40","f":"0.35","g":"0.35","h":"0.30","i":"0.30","j":"0.28","k":"0.28"},{"a":"60.01","b":"0.23","c":"0.23","d":"0.35","e":"0.35","f":"0.30","g":"0.30","h":"0.27","i":"0.27","j":"0.25","k":"0.25"},{"a":"9999","b":"0.23","c":"0.23","d":"0.35","e":"0.35","f":"0.30","g":"0.30","h":"0.27","i":"0.27","j":"0.25","k":"0.25"}],"columns":[{"id":"a","columnData":{"key":"a","original":{"component":{"compare":null,"displayName":"TextComponent"},"columnData":{"alignRight":false,"continuousUpdates":true}}},"title":"A"},{"id":"b","columnData":{"key":"b","original":{"component":{"compare":null,"displayName":"TextComponent"},"columnData":{"alignRight":false,"continuousUpdates":true}}},"title":"B"},{"id":"c","columnData":{"key":"c","original":{"component":{"compare":null,"displayName":"TextComponent"},"columnData":{"alignRight":false,"continuousUpdates":true}}},"title":"C"},{"id":"d","columnData":{"key":"d","original":{"component":{"compare":null,"displayName":"TextComponent"},"columnData":{"alignRight":false,"continuousUpdates":true}}},"title":"D"},{"id":"e","columnData":{"key":"e","original":{"component":{"compare":null,"displayName":"TextComponent"},"columnData":{"alignRight":false,"continuousUpdates":true}}},"title":"E"},{"id":"f","columnData":{"key":"f","original":{"component":{"compare":null,"displayName":"TextComponent"},"columnData":{"alignRight":false,"continuousUpdates":true}}},"title":"F"},{"id":"g","columnData":{"key":"g","original":{"component":{"compare":null,"displayName":"TextComponent"},"columnData":{"alignRight":false,"continuousUpdates":true}}},"title":"G"},{"id":"h","columnData":{"key":"h","original":{"component":{"compare":null,"displayName":"TextComponent"},"columnData":{"alignRight":false,"continuousUpdates":true}}},"title":"H"},{"id":"i","columnData":{"key":"i","original":{"component":{"compare":null,"displayName":"TextComponent"},"columnData":{"alignRight":false,"continuousUpdates":true}}},"title":"I"},{"id":"j","columnData":{"key":"j","original":{"component":{"compare":null,"displayName":"TextComponent"},"columnData":{"alignRight":false,"continuousUpdates":true}}},"title":"J"},{"id":"k","columnData":{"key":"k","original":{"component":{"compare":null,"displayName":"TextComponent"},"columnData":{"alignRight":false,"continuousUpdates":true}}},"title":"K"}]}},"clones":false,"cartKey":false}},"tiered_pricing_type":"fixed","tiered_pricing_fixed_rules":[],"tiered_pricing_product_settings":{"layout":"default","base_unit_name":{"singular":null,"plural":null},"default_variation":null},"tiered_pricing_minimum_quantity":null,"tiered_pricing_roles_data":[],"tiered_pricing_percentage_rules":[],"_links":{"self":[{"href":"https:\/\/staging.amacorprintz.com\/fr\/wp-json\/wp\/v2\/product\/40772","targetHints":{"allow":["GET"]}}],"collection":[{"href":"https:\/\/staging.amacorprintz.com\/fr\/wp-json\/wp\/v2\/product"}],"about":[{"href":"https:\/\/staging.amacorprintz.com\/fr\/wp-json\/wp\/v2\/types\/product"}],"replies":[{"embeddable":true,"href":"https:\/\/staging.amacorprintz.com\/fr\/wp-json\/wp\/v2\/comments?post=40772"}],"wp:featuredmedia":[{"embeddable":true,"href":"https:\/\/staging.amacorprintz.com\/fr\/wp-json\/wp\/v2\/media\/39965"}],"wp:attachment":[{"href":"https:\/\/staging.amacorprintz.com\/fr\/wp-json\/wp\/v2\/media?parent=40772"}],"wp:term":[{"taxonomy":"product_brand","embeddable":true,"href":"https:\/\/staging.amacorprintz.com\/fr\/wp-json\/wp\/v2\/product_brand?post=40772"},{"taxonomy":"product_cat","embeddable":true,"href":"https:\/\/staging.amacorprintz.com\/fr\/wp-json\/wp\/v2\/product_cat?post=40772"},{"taxonomy":"product_tag","embeddable":true,"href":"https:\/\/staging.amacorprintz.com\/fr\/wp-json\/wp\/v2\/product_tag?post=40772"},{"taxonomy":"product_brands","embeddable":true,"href":"https:\/\/staging.amacorprintz.com\/fr\/wp-json\/wp\/v2\/product_brands?post=40772"}],"curies":[{"name":"wp","href":"https:\/\/api.w.org\/{rel}","templated":true}]}}