{"id":40083,"date":"2026-01-07T08:48:14","date_gmt":"2026-01-07T13:48:14","guid":{"rendered":"https:\/\/staging.amacorprintz.com\/?post_type=product&#038;p=40083"},"modified":"2026-01-07T08:49:25","modified_gmt":"2026-01-07T13:49:25","slug":"rouleau-de-papier-multi-usage","status":"publish","type":"product","link":"https:\/\/staging.amacorprintz.com\/fr\/product\/rouleau-de-papier-multi-usage\/","title":{"rendered":"Rouleau de papier multi-usage"},"content":{"rendered":"<p>Son nom dit tout! le papier multi-usage peut servir comme feuille de couverture, prot\u00e9geant ainsi votre v\u00eatement et la platine sup\u00e9rieur de votre presse. Le c\u00f4t\u00e9 luisant du papier prot\u00e8ge la platine et peut aussi \u00eatre utilis\u00e9 pour entreposer vos transferts. Le papier multi-usage peut \u00eatre utilis\u00e9 \u00e0 plusieurs reprises mais doit \u00eatre remplac\u00e9 lorsque rid\u00e9 ou d\u00e9chir\u00e9.<\/p>\n","protected":false},"excerpt":{"rendered":"<p><span lang=\"EN-CA\">Disponible en rouleaux de 20 po x 125 verges.<\/span><\/p>\n","protected":false},"featured_media":40082,"comment_status":"closed","ping_status":"closed","template":"","meta":{"_acf_changed":false,"_seopress_robots_primary_cat":"","_seopress_titles_title":"","_seopress_titles_desc":"","_seopress_robots_index":"","_kb_optimizer_status":0,"_kad_blocks_custom_css":"","_kad_blocks_head_custom_js":"","_kad_blocks_body_custom_js":"","_kad_blocks_footer_custom_js":"","_kad_post_transparent":"default","_kad_post_title":"","_kad_post_layout":"default","_kad_post_sidebar_id":"","_kad_post_content_style":"default","_kad_post_vertical_padding":"default","_kad_post_feature":"","_kad_post_feature_position":"","_kad_post_header":false,"_kad_post_footer":false,"_kad_post_classname":""},"product_brand":[],"product_cat":[1325],"product_tag":[],"product_brands":[1217],"class_list":{"0":"post-40083","1":"product","2":"type-product","3":"status-publish","4":"has-post-thumbnail","6":"product_cat-fournitures","7":"product_shipping_class-products-fr","8":"product_brands-siser","10":"first","11":"instock","12":"taxable","13":"shipping-taxable","14":"purchasable","15":"product-type-simple","16":"entry","17":"content-bg","18":"loop-entry"},"acf":[],"taxonomy_info":{"product_cat":[{"value":1325,"label":"Fournitures"}],"product_brands":[{"value":1217,"label":"Siser"}]},"featured_image_src_large":["https:\/\/staging.amacorprintz.com\/wp-content\/uploads\/2025\/12\/MultiPurpose-Paper.jpg",678,678,false],"author_info":[],"comment_info":0,"wcpa_form_fields":null,"tiered_pricing_type":"fixed","tiered_pricing_fixed_rules":[],"tiered_pricing_product_settings":{"layout":"default","base_unit_name":{"singular":null,"plural":null},"default_variation":null},"tiered_pricing_minimum_quantity":null,"tiered_pricing_roles_data":[],"tiered_pricing_percentage_rules":[],"_links":{"self":[{"href":"https:\/\/staging.amacorprintz.com\/fr\/wp-json\/wp\/v2\/product\/40083","targetHints":{"allow":["GET"]}}],"collection":[{"href":"https:\/\/staging.amacorprintz.com\/fr\/wp-json\/wp\/v2\/product"}],"about":[{"href":"https:\/\/staging.amacorprintz.com\/fr\/wp-json\/wp\/v2\/types\/product"}],"replies":[{"embeddable":true,"href":"https:\/\/staging.amacorprintz.com\/fr\/wp-json\/wp\/v2\/comments?post=40083"}],"wp:featuredmedia":[{"embeddable":true,"href":"https:\/\/staging.amacorprintz.com\/fr\/wp-json\/wp\/v2\/media\/40082"}],"wp:attachment":[{"href":"https:\/\/staging.amacorprintz.com\/fr\/wp-json\/wp\/v2\/media?parent=40083"}],"wp:term":[{"taxonomy":"product_brand","embeddable":true,"href":"https:\/\/staging.amacorprintz.com\/fr\/wp-json\/wp\/v2\/product_brand?post=40083"},{"taxonomy":"product_cat","embeddable":true,"href":"https:\/\/staging.amacorprintz.com\/fr\/wp-json\/wp\/v2\/product_cat?post=40083"},{"taxonomy":"product_tag","embeddable":true,"href":"https:\/\/staging.amacorprintz.com\/fr\/wp-json\/wp\/v2\/product_tag?post=40083"},{"taxonomy":"product_brands","embeddable":true,"href":"https:\/\/staging.amacorprintz.com\/fr\/wp-json\/wp\/v2\/product_brands?post=40083"}],"curies":[{"name":"wp","href":"https:\/\/api.w.org\/{rel}","templated":true}]}}