{"id":40072,"date":"2026-01-07T08:48:15","date_gmt":"2026-01-07T13:48:15","guid":{"rendered":"https:\/\/staging.amacorprintz.com\/?post_type=product&#038;p=40072"},"modified":"2026-01-07T08:49:23","modified_gmt":"2026-01-07T13:49:23","slug":"pince-a-epiler","status":"publish","type":"product","link":"https:\/\/staging.amacorprintz.com\/fr\/product\/pince-a-epiler\/","title":{"rendered":"Pince \u00e0 \u00e9piler"},"content":{"rendered":"<p>Pour ceux qui pr\u00e9f\u00e8rent utiliser une pince \u00e0 \u00e9piler lors du d\u00e9sherbage, Grafik Experts propose une excellente paire de pinces \u00e0 \u00e9piler en acier chirurgical fran\u00e7ais. Les pointes ac\u00e9r\u00e9es aident \u00e0 percer le mat\u00e9riau pour faciliter le d\u00e9sherbage. Facile \u00e0 saisir pour ces longues s\u00e9ances de d\u00e9sherbage d\u00e9taill\u00e9es !<\/p>\n","protected":false},"excerpt":{"rendered":"<p>Pour ceux qui pr\u00e9f\u00e8rent utiliser une pince \u00e0 \u00e9piler lors du d\u00e9sherbage, Grafik Experts propose une excellente paire de pinces \u00e0 \u00e9piler en acier chirurgical fran\u00e7ais. Les pointes ac\u00e9r\u00e9es aident \u00e0 percer le mat\u00e9riau pour faciliter le d\u00e9sherbage. Facile \u00e0 saisir pour ces longues s\u00e9ances de d\u00e9sherbage d\u00e9taill\u00e9es !<\/p>\n","protected":false},"featured_media":40071,"comment_status":"closed","ping_status":"closed","template":"","meta":{"_acf_changed":false,"_seopress_robots_primary_cat":"","_seopress_titles_title":"","_seopress_titles_desc":"","_seopress_robots_index":"","_kb_optimizer_status":0,"_kad_blocks_custom_css":"","_kad_blocks_head_custom_js":"","_kad_blocks_body_custom_js":"","_kad_blocks_footer_custom_js":"","_kad_post_transparent":"default","_kad_post_title":"","_kad_post_layout":"default","_kad_post_sidebar_id":"","_kad_post_content_style":"default","_kad_post_vertical_padding":"default","_kad_post_feature":"","_kad_post_feature_position":"","_kad_post_header":false,"_kad_post_footer":false,"_kad_post_classname":""},"product_brand":[],"product_cat":[1325],"product_tag":[],"product_brands":[1217],"class_list":{"0":"post-40072","1":"product","2":"type-product","3":"status-publish","4":"has-post-thumbnail","6":"product_cat-fournitures","7":"product_brands-siser","9":"first","10":"instock","11":"taxable","12":"shipping-taxable","13":"purchasable","14":"product-type-simple","15":"entry","16":"content-bg","17":"loop-entry"},"acf":[],"taxonomy_info":{"product_cat":[{"value":1325,"label":"Fournitures"}],"product_brands":[{"value":1217,"label":"Siser"}]},"featured_image_src_large":["https:\/\/staging.amacorprintz.com\/wp-content\/uploads\/2025\/12\/Siser-Tweezer_1-1024x1024.jpg",1024,1024,true],"author_info":[],"comment_info":0,"wcpa_form_fields":null,"tiered_pricing_type":"fixed","tiered_pricing_fixed_rules":[],"tiered_pricing_product_settings":{"layout":"default","base_unit_name":{"singular":null,"plural":null},"default_variation":null},"tiered_pricing_minimum_quantity":null,"tiered_pricing_roles_data":[],"tiered_pricing_percentage_rules":[],"_links":{"self":[{"href":"https:\/\/staging.amacorprintz.com\/fr\/wp-json\/wp\/v2\/product\/40072","targetHints":{"allow":["GET"]}}],"collection":[{"href":"https:\/\/staging.amacorprintz.com\/fr\/wp-json\/wp\/v2\/product"}],"about":[{"href":"https:\/\/staging.amacorprintz.com\/fr\/wp-json\/wp\/v2\/types\/product"}],"replies":[{"embeddable":true,"href":"https:\/\/staging.amacorprintz.com\/fr\/wp-json\/wp\/v2\/comments?post=40072"}],"wp:featuredmedia":[{"embeddable":true,"href":"https:\/\/staging.amacorprintz.com\/fr\/wp-json\/wp\/v2\/media\/40071"}],"wp:attachment":[{"href":"https:\/\/staging.amacorprintz.com\/fr\/wp-json\/wp\/v2\/media?parent=40072"}],"wp:term":[{"taxonomy":"product_brand","embeddable":true,"href":"https:\/\/staging.amacorprintz.com\/fr\/wp-json\/wp\/v2\/product_brand?post=40072"},{"taxonomy":"product_cat","embeddable":true,"href":"https:\/\/staging.amacorprintz.com\/fr\/wp-json\/wp\/v2\/product_cat?post=40072"},{"taxonomy":"product_tag","embeddable":true,"href":"https:\/\/staging.amacorprintz.com\/fr\/wp-json\/wp\/v2\/product_tag?post=40072"},{"taxonomy":"product_brands","embeddable":true,"href":"https:\/\/staging.amacorprintz.com\/fr\/wp-json\/wp\/v2\/product_brands?post=40072"}],"curies":[{"name":"wp","href":"https:\/\/api.w.org\/{rel}","templated":true}]}}