{"id":40055,"date":"2026-01-07T08:48:16","date_gmt":"2026-01-07T13:48:16","guid":{"rendered":"https:\/\/staging.amacorprintz.com\/?post_type=product&#038;p=40055"},"modified":"2026-01-07T08:49:22","modified_gmt":"2026-01-07T13:49:22","slug":"coussins-pour-transferts-thermiques","status":"publish","type":"product","link":"https:\/\/staging.amacorprintz.com\/fr\/product\/coussins-pour-transferts-thermiques\/","title":{"rendered":"Coussins pour transferts thermiques"},"content":{"rendered":"","protected":false},"excerpt":{"rendered":"<p>Obtenez finalement une pression uniforme avec les coussins pour transferts thermiques! Les coussins pour transferts thermiques sont compos\u00e9s d\u2019une mousse souple recouverte par nos feuilles de couverture non-adh\u00e9sives. Un outil essentiel lorsque vous d\u00e9corez des v\u00eatements avec des fermetures-\u00e9clair, des boutons, coutures, etc.<\/p>\n<p><strong>Lot contient un de chaque taille (po) : 16 x 20, 12 x 14, 10 x 10, 6 x 8, 5 x 18.<\/strong><\/p>\n","protected":false},"featured_media":40054,"comment_status":"closed","ping_status":"closed","template":"","meta":{"_acf_changed":false,"_seopress_robots_primary_cat":"","_seopress_titles_title":"","_seopress_titles_desc":"","_seopress_robots_index":"","_kb_optimizer_status":0,"_kad_blocks_custom_css":"","_kad_blocks_head_custom_js":"","_kad_blocks_body_custom_js":"","_kad_blocks_footer_custom_js":"","_kad_post_transparent":"default","_kad_post_title":"","_kad_post_layout":"default","_kad_post_sidebar_id":"","_kad_post_content_style":"default","_kad_post_vertical_padding":"default","_kad_post_feature":"","_kad_post_feature_position":"","_kad_post_header":false,"_kad_post_footer":false,"_kad_post_classname":""},"product_brand":[],"product_cat":[1325],"product_tag":[],"product_brands":[1217],"class_list":{"0":"post-40055","1":"product","2":"type-product","3":"status-publish","4":"has-post-thumbnail","6":"product_cat-fournitures","7":"product_shipping_class-products-fr","8":"product_brands-siser","10":"first","11":"instock","12":"taxable","13":"shipping-taxable","14":"purchasable","15":"product-type-variable","16":"entry","17":"content-bg","18":"loop-entry"},"acf":[],"taxonomy_info":{"product_cat":[{"value":1325,"label":"Fournitures"}],"product_brands":[{"value":1217,"label":"Siser"}]},"featured_image_src_large":["https:\/\/staging.amacorprintz.com\/wp-content\/uploads\/2025\/12\/Heat-Press-Pillows-scaled-1-1024x683.jpg",1024,683,true],"author_info":[],"comment_info":0,"wcpa_form_fields":null,"tiered_pricing_type":"fixed","tiered_pricing_fixed_rules":[],"tiered_pricing_product_settings":{"layout":"default","base_unit_name":{"singular":null,"plural":null},"default_variation":null},"tiered_pricing_minimum_quantity":null,"tiered_pricing_roles_data":[],"tiered_pricing_percentage_rules":[],"_links":{"self":[{"href":"https:\/\/staging.amacorprintz.com\/fr\/wp-json\/wp\/v2\/product\/40055","targetHints":{"allow":["GET"]}}],"collection":[{"href":"https:\/\/staging.amacorprintz.com\/fr\/wp-json\/wp\/v2\/product"}],"about":[{"href":"https:\/\/staging.amacorprintz.com\/fr\/wp-json\/wp\/v2\/types\/product"}],"replies":[{"embeddable":true,"href":"https:\/\/staging.amacorprintz.com\/fr\/wp-json\/wp\/v2\/comments?post=40055"}],"wp:featuredmedia":[{"embeddable":true,"href":"https:\/\/staging.amacorprintz.com\/fr\/wp-json\/wp\/v2\/media\/40054"}],"wp:attachment":[{"href":"https:\/\/staging.amacorprintz.com\/fr\/wp-json\/wp\/v2\/media?parent=40055"}],"wp:term":[{"taxonomy":"product_brand","embeddable":true,"href":"https:\/\/staging.amacorprintz.com\/fr\/wp-json\/wp\/v2\/product_brand?post=40055"},{"taxonomy":"product_cat","embeddable":true,"href":"https:\/\/staging.amacorprintz.com\/fr\/wp-json\/wp\/v2\/product_cat?post=40055"},{"taxonomy":"product_tag","embeddable":true,"href":"https:\/\/staging.amacorprintz.com\/fr\/wp-json\/wp\/v2\/product_tag?post=40055"},{"taxonomy":"product_brands","embeddable":true,"href":"https:\/\/staging.amacorprintz.com\/fr\/wp-json\/wp\/v2\/product_brands?post=40055"}],"curies":[{"name":"wp","href":"https:\/\/api.w.org\/{rel}","templated":true}]}}