{"id":39993,"date":"2026-01-07T08:48:29","date_gmt":"2026-01-07T13:48:29","guid":{"rendered":"https:\/\/staging.amacorprintz.com\/?post_type=product&#038;p=39993"},"modified":"2026-01-07T08:49:14","modified_gmt":"2026-01-07T13:49:14","slug":"brick-600","status":"publish","type":"product","link":"https:\/\/staging.amacorprintz.com\/fr\/product\/brick-600\/","title":{"rendered":"Brick\u00ae 600"},"content":{"rendered":"<p>Notre vinyle le plus \u00e9pais \u2013 maintenant plus facile que jamais \u00e0 couper et appliquer. Brick 600 est un vinyle pour transferts thermiques flexible d\u2019une \u00e9paisseur de 600 microns, ce qui en fait un vinyle id\u00e9al pour les petits logos avec un effet de profondeur. Son fini mat en fait un vinyle parfait pour les casquettes, les sacs et m\u00eame les impressions c\u00f4t\u00e9 c\u0153ur et son apparence styl\u00e9e en fait un favori de v\u00eatements de sports. Lorsqu\u2019utilis\u00e9 comme une base et qu\u2019on y superpose EasyWeed Stretch, on obtient un look emboss\u00e9 du tonnerre!<\/p>\n<p>Brick 600 a une \u00e9paisseur de 600 microns \/ 23.6 mils et est un compos\u00e9 polyvinilechloride.<\/p>\n<h4>Brick 600 s\u2019applique \u00e0\u00a0:<\/h4>\n<ul>\n<li>100% coton<\/li>\n<li>100% polyester<\/li>\n<li>M\u00e9langes polyester\/coton<\/li>\n<\/ul>\n<p><img alt=\"\" loading=\"lazy\" decoding=\"async\" class=\"alignnone size-full wp-image-2896\" src=\"https:\/\/grafikexperts.com\/wp-content\/uploads\/2020\/06\/1_icon_fr.png\" alt=\"\" width=\"680\" height=\"86\" \/><\/p>\n","protected":false},"excerpt":{"rendered":"<p>Notre vinyle le plus \u00e9pais \u2013 maintenant plus facile que jamais \u00e0 couper et appliquer. Brick 600 est un vinyle pour transferts thermiques flexible d\u2019une \u00e9paisseur de 600 microns, ce qui en fait un vinyle id\u00e9al pour les petits logos avec un effet de profondeur. Son fini mat en fait un vinyle parfait pour les&#8230;<\/p>\n","protected":false},"featured_media":39987,"comment_status":"closed","ping_status":"closed","template":"","meta":{"_acf_changed":false,"_seopress_robots_primary_cat":"","_seopress_titles_title":"","_seopress_titles_desc":"","_seopress_robots_index":"","_kb_optimizer_status":0,"_kad_blocks_custom_css":"","_kad_blocks_head_custom_js":"","_kad_blocks_body_custom_js":"","_kad_blocks_footer_custom_js":"","_kad_post_transparent":"default","_kad_post_title":"","_kad_post_layout":"default","_kad_post_sidebar_id":"","_kad_post_content_style":"default","_kad_post_vertical_padding":"default","_kad_post_feature":"","_kad_post_feature_position":"","_kad_post_header":false,"_kad_post_footer":false,"_kad_post_classname":""},"product_brand":[],"product_cat":[1138],"product_tag":[],"product_brands":[1217],"class_list":{"0":"post-39993","1":"product","2":"type-product","3":"status-publish","4":"has-post-thumbnail","6":"product_cat-vinyle-transfert-thermique","7":"product_shipping_class-products-fr","8":"product_brands-siser","10":"first","11":"instock","12":"taxable","13":"shipping-taxable","14":"purchasable","15":"product-type-variable","16":"has-default-attributes","17":"entry","18":"content-bg","19":"loop-entry"},"acf":[],"taxonomy_info":{"product_cat":[{"value":1138,"label":"Vinyle transfert thermique"}],"product_brands":[{"value":1217,"label":"Siser"}]},"featured_image_src_large":["https:\/\/staging.amacorprintz.com\/wp-content\/uploads\/2025\/12\/brick-600-rolls.jpg",1000,1000,false],"author_info":[],"comment_info":0,"wcpa_form_fields":null,"tiered_pricing_type":"fixed","tiered_pricing_fixed_rules":[],"tiered_pricing_product_settings":{"layout":"default","base_unit_name":{"singular":null,"plural":null},"default_variation":null},"tiered_pricing_minimum_quantity":null,"tiered_pricing_roles_data":[],"tiered_pricing_percentage_rules":[],"_links":{"self":[{"href":"https:\/\/staging.amacorprintz.com\/fr\/wp-json\/wp\/v2\/product\/39993","targetHints":{"allow":["GET"]}}],"collection":[{"href":"https:\/\/staging.amacorprintz.com\/fr\/wp-json\/wp\/v2\/product"}],"about":[{"href":"https:\/\/staging.amacorprintz.com\/fr\/wp-json\/wp\/v2\/types\/product"}],"replies":[{"embeddable":true,"href":"https:\/\/staging.amacorprintz.com\/fr\/wp-json\/wp\/v2\/comments?post=39993"}],"wp:featuredmedia":[{"embeddable":true,"href":"https:\/\/staging.amacorprintz.com\/fr\/wp-json\/wp\/v2\/media\/39987"}],"wp:attachment":[{"href":"https:\/\/staging.amacorprintz.com\/fr\/wp-json\/wp\/v2\/media?parent=39993"}],"wp:term":[{"taxonomy":"product_brand","embeddable":true,"href":"https:\/\/staging.amacorprintz.com\/fr\/wp-json\/wp\/v2\/product_brand?post=39993"},{"taxonomy":"product_cat","embeddable":true,"href":"https:\/\/staging.amacorprintz.com\/fr\/wp-json\/wp\/v2\/product_cat?post=39993"},{"taxonomy":"product_tag","embeddable":true,"href":"https:\/\/staging.amacorprintz.com\/fr\/wp-json\/wp\/v2\/product_tag?post=39993"},{"taxonomy":"product_brands","embeddable":true,"href":"https:\/\/staging.amacorprintz.com\/fr\/wp-json\/wp\/v2\/product_brands?post=39993"}],"curies":[{"name":"wp","href":"https:\/\/api.w.org\/{rel}","templated":true}]}}