{"id":39984,"date":"2026-01-07T08:48:30","date_gmt":"2026-01-07T13:48:30","guid":{"rendered":"https:\/\/staging.amacorprintz.com\/?post_type=product&#038;p=39984"},"modified":"2026-01-07T08:49:14","modified_gmt":"2026-01-07T13:49:14","slug":"stripflock-pro","status":"publish","type":"product","link":"https:\/\/staging.amacorprintz.com\/fr\/product\/stripflock-pro\/","title":{"rendered":"StripFlock\u00ae Pro"},"content":{"rendered":"<p>Une alternative id\u00e9ale \u00e0 la broderie, StripFlock Pro donne aux logos un fini dimensionn\u00e9 et une texture de su\u00e8de. Les couleurs opaques un peu floues font de StripFlock le vinyle id\u00e9al pour les designs r\u00e9tro et pour toutes les occasions qui requi\u00e8rent un fini profond et riche. StripFlock est assez \u00e9pais pour cacher les coutures de casquettes et performe tr\u00e8s bien sur les sacs, le denim et d\u2019autres tissus qui s\u2019animent lorsqu\u2019on leur ajoute de la texture. Utilisez StripFlock comme une base et superposez-y d\u2019autres vinyles tels que EasyWeed Stretch pour un fini emboss\u00e9, ou superposez-le sur lui-m\u00eame et dites \u00ab\u00a0oui\u00a0\u00bb aux designs multicolores. Soyez prudent lorsque vous superposez les couleurs fluorescentes\u00a0: il est recommand\u00e9 de retirer l\u2019endos lorsqu\u2019il est chaud.<\/p>\n<p>StripFlock Pro a une \u00e9paisseur de 410 microns \/ 16.1 mils et est un compos\u00e9 polyvinilechloride.<\/p>\n<h4>StripFlock Pro s\u2019applique \u00e0\u00a0:<\/h4>\n<ul>\n<li>100% coton<\/li>\n<li>100% polyester<\/li>\n<li>M\u00e9langes polyester\/coton<\/li>\n<li>Cuir<\/li>\n<\/ul>\n<p><img alt=\"\" loading=\"lazy\" decoding=\"async\" class=\"alignnone size-full wp-image-2896\" src=\"https:\/\/grafikexperts.com\/wp-content\/uploads\/2020\/06\/1_icon_fr.png\" alt=\"\" width=\"680\" height=\"86\" \/><\/p>\n","protected":false},"excerpt":{"rendered":"<p>Une alternative id\u00e9ale \u00e0 la broderie, StripFlock Pro donne aux logos un fini dimensionn\u00e9 et une texture de su\u00e8de. Les couleurs opaques un peu floues font de StripFlock le vinyle id\u00e9al pour les designs r\u00e9tro et pour toutes les occasions qui requi\u00e8rent un fini profond et riche. StripFlock est assez \u00e9pais pour cacher les coutures&#8230;<\/p>\n","protected":false},"featured_media":39979,"comment_status":"closed","ping_status":"closed","template":"","meta":{"_acf_changed":false,"_seopress_robots_primary_cat":"","_seopress_titles_title":"","_seopress_titles_desc":"","_seopress_robots_index":"","_kb_optimizer_status":0,"_kad_blocks_custom_css":"","_kad_blocks_head_custom_js":"","_kad_blocks_body_custom_js":"","_kad_blocks_footer_custom_js":"","_kad_post_transparent":"default","_kad_post_title":"","_kad_post_layout":"default","_kad_post_sidebar_id":"","_kad_post_content_style":"default","_kad_post_vertical_padding":"default","_kad_post_feature":"","_kad_post_feature_position":"","_kad_post_header":false,"_kad_post_footer":false,"_kad_post_classname":""},"product_brand":[],"product_cat":[1138],"product_tag":[],"product_brands":[1217],"class_list":{"0":"post-39984","1":"product","2":"type-product","3":"status-publish","4":"has-post-thumbnail","6":"product_cat-vinyle-transfert-thermique","7":"product_shipping_class-products-fr","8":"product_brands-siser","10":"first","11":"instock","12":"taxable","13":"shipping-taxable","14":"purchasable","15":"product-type-variable","16":"has-default-attributes","17":"entry","18":"content-bg","19":"loop-entry"},"acf":[],"taxonomy_info":{"product_cat":[{"value":1138,"label":"Vinyle transfert thermique"}],"product_brands":[{"value":1217,"label":"Siser"}]},"featured_image_src_large":["https:\/\/staging.amacorprintz.com\/wp-content\/uploads\/2025\/12\/StripFlock-Pro-rolls-1024x1024.jpg",1024,1024,true],"author_info":[],"comment_info":0,"wcpa_form_fields":null,"tiered_pricing_type":"fixed","tiered_pricing_fixed_rules":[],"tiered_pricing_product_settings":{"layout":"default","base_unit_name":{"singular":null,"plural":null},"default_variation":null},"tiered_pricing_minimum_quantity":null,"tiered_pricing_roles_data":[],"tiered_pricing_percentage_rules":[],"_links":{"self":[{"href":"https:\/\/staging.amacorprintz.com\/fr\/wp-json\/wp\/v2\/product\/39984","targetHints":{"allow":["GET"]}}],"collection":[{"href":"https:\/\/staging.amacorprintz.com\/fr\/wp-json\/wp\/v2\/product"}],"about":[{"href":"https:\/\/staging.amacorprintz.com\/fr\/wp-json\/wp\/v2\/types\/product"}],"replies":[{"embeddable":true,"href":"https:\/\/staging.amacorprintz.com\/fr\/wp-json\/wp\/v2\/comments?post=39984"}],"wp:featuredmedia":[{"embeddable":true,"href":"https:\/\/staging.amacorprintz.com\/fr\/wp-json\/wp\/v2\/media\/39979"}],"wp:attachment":[{"href":"https:\/\/staging.amacorprintz.com\/fr\/wp-json\/wp\/v2\/media?parent=39984"}],"wp:term":[{"taxonomy":"product_brand","embeddable":true,"href":"https:\/\/staging.amacorprintz.com\/fr\/wp-json\/wp\/v2\/product_brand?post=39984"},{"taxonomy":"product_cat","embeddable":true,"href":"https:\/\/staging.amacorprintz.com\/fr\/wp-json\/wp\/v2\/product_cat?post=39984"},{"taxonomy":"product_tag","embeddable":true,"href":"https:\/\/staging.amacorprintz.com\/fr\/wp-json\/wp\/v2\/product_tag?post=39984"},{"taxonomy":"product_brands","embeddable":true,"href":"https:\/\/staging.amacorprintz.com\/fr\/wp-json\/wp\/v2\/product_brands?post=39984"}],"curies":[{"name":"wp","href":"https:\/\/api.w.org\/{rel}","templated":true}]}}