{"id":39977,"date":"2026-01-07T08:48:10","date_gmt":"2026-01-07T13:48:10","guid":{"rendered":"https:\/\/staging.amacorprintz.com\/?post_type=product&#038;p=39977"},"modified":"2026-01-07T08:49:28","modified_gmt":"2026-01-07T13:49:28","slug":"paquet-easysubli","status":"publish","type":"product","link":"https:\/\/staging.amacorprintz.com\/fr\/product\/paquet-easysubli\/","title":{"rendered":"Paquet EasySubli"},"content":{"rendered":"<p>EasySubli\u00ae, le vinyle de transfert thermique mat r\u00e9ceptif aux encres de sublimation, est d\u00e9sormais disponible ! Le HTV Siser EasySubli est la cl\u00e9 de la d\u00e9coration du polyester color\u00e9 (\u00e0 l&rsquo;exception des v\u00eatements en polyester sublim\u00e9) et des m\u00e9langes de coton. Ne vous limitez plus jamais au polyester blanc lorsque vous passez \u00e0 EasySubli !<\/p>\n<p>Obtenez les couleurs les plus vives et les meilleurs r\u00e9sultats lorsque vous utilisez le profil d&rsquo;impression sp\u00e9cialement d\u00e9velopp\u00e9 et les encres Siser EasySubli de Sawgrass. Disponibles pour les imprimantes Virtuoso SG400 et SG800, les encres Siser EasySubli peuvent faire plus qu&rsquo;imprimer sur EasySubli ! Utilisez les encres Siser EasySubli pour r\u00e9pondre \u00e0 tous vos besoins en mati\u00e8re de colorants et de sublimateurs standard, de sorte qu&rsquo;il n&rsquo;est pas n\u00e9cessaire de changer d&rsquo;encres entre les projets. La basse temp\u00e9rature d&rsquo;application de 311\u00b0F vous permet m\u00eame de d\u00e9corer des tissus sensibles \u00e0 la chaleur comme les tri-m\u00e9langes et la rayonne !<\/p>\n<h3>EasySubli s&rsquo;applique \u00e0 :<\/h3>\n<ul>\n<li>100% coton<\/li>\n<li>100% polyester<\/li>\n<li>M\u00e9langes poly\/coton<\/li>\n<\/ul>\n<p><img alt=\"\" loading=\"lazy\" decoding=\"async\" class=\"alignnone wp-image-1343 size-full\" src=\"https:\/\/grafikexperts.com\/wp-content\/uploads\/2020\/04\/icons8.jpg\" alt=\"\" width=\"482\" height=\"86\" \/><\/p>\n","protected":false},"excerpt":{"rendered":"<h3>1 paquet<\/h3>\n<ul>\n<li>10 feuilles EasySubli de\u00a0 8.4&Prime; x 11&Prime;<\/li>\n<li>10 feuilles EasySubli Mask de\u00a0 8&Prime; x 10&Prime;<\/li>\n<\/ul>\n","protected":false},"featured_media":39976,"comment_status":"closed","ping_status":"closed","template":"","meta":{"_acf_changed":false,"_seopress_robots_primary_cat":"","_seopress_titles_title":"","_seopress_titles_desc":"","_seopress_robots_index":"","_kb_optimizer_status":0,"_kad_blocks_custom_css":"","_kad_blocks_head_custom_js":"","_kad_blocks_body_custom_js":"","_kad_blocks_footer_custom_js":"","_kad_post_transparent":"default","_kad_post_title":"","_kad_post_layout":"default","_kad_post_sidebar_id":"","_kad_post_content_style":"default","_kad_post_vertical_padding":"default","_kad_post_feature":"","_kad_post_feature_position":"","_kad_post_header":false,"_kad_post_footer":false,"_kad_post_classname":""},"product_brand":[],"product_cat":[1140],"product_tag":[],"product_brands":[1217],"class_list":{"0":"post-39977","1":"product","2":"type-product","3":"status-publish","4":"has-post-thumbnail","6":"product_cat-sublimation","7":"product_shipping_class-products-fr","8":"product_brands-siser","10":"first","11":"instock","12":"taxable","13":"shipping-taxable","14":"purchasable","15":"product-type-simple","16":"entry","17":"content-bg","18":"loop-entry"},"acf":[],"taxonomy_info":{"product_cat":[{"value":1140,"label":"Sublimation"}],"product_brands":[{"value":1217,"label":"Siser"}]},"featured_image_src_large":["https:\/\/staging.amacorprintz.com\/wp-content\/uploads\/2025\/12\/EasySubli-combo-1-1024x1024.jpg",1024,1024,true],"author_info":[],"comment_info":0,"wcpa_form_fields":null,"tiered_pricing_type":"fixed","tiered_pricing_fixed_rules":[],"tiered_pricing_product_settings":{"layout":"default","base_unit_name":{"singular":null,"plural":null},"default_variation":null},"tiered_pricing_minimum_quantity":null,"tiered_pricing_roles_data":[],"tiered_pricing_percentage_rules":[],"_links":{"self":[{"href":"https:\/\/staging.amacorprintz.com\/fr\/wp-json\/wp\/v2\/product\/39977","targetHints":{"allow":["GET"]}}],"collection":[{"href":"https:\/\/staging.amacorprintz.com\/fr\/wp-json\/wp\/v2\/product"}],"about":[{"href":"https:\/\/staging.amacorprintz.com\/fr\/wp-json\/wp\/v2\/types\/product"}],"replies":[{"embeddable":true,"href":"https:\/\/staging.amacorprintz.com\/fr\/wp-json\/wp\/v2\/comments?post=39977"}],"wp:featuredmedia":[{"embeddable":true,"href":"https:\/\/staging.amacorprintz.com\/fr\/wp-json\/wp\/v2\/media\/39976"}],"wp:attachment":[{"href":"https:\/\/staging.amacorprintz.com\/fr\/wp-json\/wp\/v2\/media?parent=39977"}],"wp:term":[{"taxonomy":"product_brand","embeddable":true,"href":"https:\/\/staging.amacorprintz.com\/fr\/wp-json\/wp\/v2\/product_brand?post=39977"},{"taxonomy":"product_cat","embeddable":true,"href":"https:\/\/staging.amacorprintz.com\/fr\/wp-json\/wp\/v2\/product_cat?post=39977"},{"taxonomy":"product_tag","embeddable":true,"href":"https:\/\/staging.amacorprintz.com\/fr\/wp-json\/wp\/v2\/product_tag?post=39977"},{"taxonomy":"product_brands","embeddable":true,"href":"https:\/\/staging.amacorprintz.com\/fr\/wp-json\/wp\/v2\/product_brands?post=39977"}],"curies":[{"name":"wp","href":"https:\/\/api.w.org\/{rel}","templated":true}]}}