{"id":39960,"date":"2026-01-07T08:48:18","date_gmt":"2026-01-07T13:48:18","guid":{"rendered":"https:\/\/staging.amacorprintz.com\/?post_type=product&#038;p=39960"},"modified":"2026-01-07T08:49:21","modified_gmt":"2026-01-07T13:49:21","slug":"ttd-high-tack-mask","status":"publish","type":"product","link":"https:\/\/staging.amacorprintz.com\/fr\/product\/ttd-high-tack-mask\/","title":{"rendered":"TTD High Tack Mask"},"content":{"rendered":"<p>Ce ruban de transfert exceptionnellement adh\u00e9sif offre une forte adh\u00e9rence sur les mat\u00e9riaux imprim\u00e9s et d\u00e9coup\u00e9s. Ses propri\u00e9t\u00e9s adh\u00e9sives am\u00e9lior\u00e9es permettent d&rsquo;\u00e9liminer les plis et les d\u00e9formations pendant le processus de masquage, vous pouvez donc dire adieu aux transferts inutilisables ! Transparent et fin, le TTD High Tack permet un placement pr\u00e9cis du mat\u00e9riau sur le v\u00eatement. La fonction de pelage \u00e0 chaud du masque rend le processus d&rsquo;application rapide et facile, vous permettant de produire plus d&rsquo;articles en moins de temps. Le stockage des motifs masqu\u00e9s est \u00e9galement tr\u00e8s simple ! Il suffit de les replacer sur le support papier polyvalent fourni et de les r\u00e9utiliser quand vous le souhaitez ! Bien que le masque TTD High Tack soit sp\u00e9cialement con\u00e7u pour \u00eatre utilis\u00e9 avec ColorPrint Soft Opaque pour des r\u00e9sultats d&rsquo;application optimaux, il convient \u00e9galement \u00e0 EasyPatterns et \u00e0 tous les motifs complexes ou de grande taille sur d&rsquo;autres mat\u00e9riaux Siser Print and Cut qui peuvent n\u00e9cessiter une adh\u00e9rence suppl\u00e9mentaire !<\/p>\n<p>&nbsp;<\/p>\n<p><strong>REMARQUE :<\/strong> en raison des niveaux \u00e9lev\u00e9s de chaleur et d&rsquo;humidit\u00e9 pendant l&rsquo;\u00e9t\u00e9, nous vous recommandons de laisser les masques TTD atteindre la temp\u00e9rature ambiante (inf\u00e9rieure \u00e0 21 \u00b0C) avant de les utiliser afin d&rsquo;obtenir des performances optimales. Si un refroidissement suppl\u00e9mentaire est n\u00e9cessaire, les masques TTD peuvent \u00eatre plac\u00e9s au r\u00e9frig\u00e9rateur ou au cong\u00e9lateur pendant 5 \u00e0 10 minutes.<\/p>\n","protected":false},"excerpt":{"rendered":"<p>Ce ruban de transfert exceptionnellement adh\u00e9sif offre une forte adh\u00e9rence sur les mat\u00e9riaux imprim\u00e9s et d\u00e9coup\u00e9s. Ses propri\u00e9t\u00e9s adh\u00e9sives am\u00e9lior\u00e9es permettent d&rsquo;\u00e9liminer les plis et les d\u00e9formations pendant le processus de masquage, vous pouvez donc dire adieu aux transferts inutilisables ! Transparent et fin, le TTD High Tack permet un placement pr\u00e9cis du mat\u00e9riau sur&#8230;<\/p>\n","protected":false},"featured_media":39908,"comment_status":"closed","ping_status":"closed","template":"","meta":{"_acf_changed":false,"_seopress_robots_primary_cat":"","_seopress_titles_title":"","_seopress_titles_desc":"","_seopress_robots_index":"","_kb_optimizer_status":0,"_kad_blocks_custom_css":"","_kad_blocks_head_custom_js":"","_kad_blocks_body_custom_js":"","_kad_blocks_footer_custom_js":"","_kad_post_transparent":"default","_kad_post_title":"","_kad_post_layout":"default","_kad_post_sidebar_id":"","_kad_post_content_style":"default","_kad_post_vertical_padding":"default","_kad_post_feature":"","_kad_post_feature_position":"","_kad_post_header":false,"_kad_post_footer":false,"_kad_post_classname":""},"product_brand":[],"product_cat":[1137,1139],"product_tag":[],"product_brands":[1217],"class_list":{"0":"post-39960","1":"product","2":"type-product","3":"status-publish","4":"has-post-thumbnail","6":"product_cat-materiaux","7":"product_cat-media-numerique","8":"product_shipping_class-products-fr","9":"product_brands-siser","11":"first","12":"instock","13":"taxable","14":"shipping-taxable","15":"purchasable","16":"product-type-variable","17":"has-default-attributes","18":"entry","19":"content-bg","20":"loop-entry"},"acf":[],"taxonomy_info":{"product_cat":[{"value":1137,"label":"Mat\u00e9riaux"},{"value":1139,"label":"M\u00e9dia num\u00e9rique"}],"product_brands":[{"value":1217,"label":"Siser"}]},"featured_image_src_large":["https:\/\/staging.amacorprintz.com\/wp-content\/uploads\/2025\/12\/TTD-Easy-Mask.jpg",600,600,false],"author_info":[],"comment_info":0,"wcpa_form_fields":null,"tiered_pricing_type":"fixed","tiered_pricing_fixed_rules":[],"tiered_pricing_product_settings":{"layout":"default","base_unit_name":{"singular":null,"plural":null},"default_variation":null},"tiered_pricing_minimum_quantity":null,"tiered_pricing_roles_data":[],"tiered_pricing_percentage_rules":[],"_links":{"self":[{"href":"https:\/\/staging.amacorprintz.com\/fr\/wp-json\/wp\/v2\/product\/39960","targetHints":{"allow":["GET"]}}],"collection":[{"href":"https:\/\/staging.amacorprintz.com\/fr\/wp-json\/wp\/v2\/product"}],"about":[{"href":"https:\/\/staging.amacorprintz.com\/fr\/wp-json\/wp\/v2\/types\/product"}],"replies":[{"embeddable":true,"href":"https:\/\/staging.amacorprintz.com\/fr\/wp-json\/wp\/v2\/comments?post=39960"}],"wp:featuredmedia":[{"embeddable":true,"href":"https:\/\/staging.amacorprintz.com\/fr\/wp-json\/wp\/v2\/media\/39908"}],"wp:attachment":[{"href":"https:\/\/staging.amacorprintz.com\/fr\/wp-json\/wp\/v2\/media?parent=39960"}],"wp:term":[{"taxonomy":"product_brand","embeddable":true,"href":"https:\/\/staging.amacorprintz.com\/fr\/wp-json\/wp\/v2\/product_brand?post=39960"},{"taxonomy":"product_cat","embeddable":true,"href":"https:\/\/staging.amacorprintz.com\/fr\/wp-json\/wp\/v2\/product_cat?post=39960"},{"taxonomy":"product_tag","embeddable":true,"href":"https:\/\/staging.amacorprintz.com\/fr\/wp-json\/wp\/v2\/product_tag?post=39960"},{"taxonomy":"product_brands","embeddable":true,"href":"https:\/\/staging.amacorprintz.com\/fr\/wp-json\/wp\/v2\/product_brands?post=39960"}],"curies":[{"name":"wp","href":"https:\/\/api.w.org\/{rel}","templated":true}]}}