{"id":39948,"date":"2026-01-07T08:48:19","date_gmt":"2026-01-07T13:48:19","guid":{"rendered":"https:\/\/staging.amacorprintz.com\/?post_type=product&#038;p=39948"},"modified":"2026-01-07T08:49:20","modified_gmt":"2026-01-07T13:49:20","slug":"hi-5-print-matte","status":"publish","type":"product","link":"https:\/\/staging.amacorprintz.com\/fr\/product\/hi-5-print-matte\/","title":{"rendered":"Hi-5 Print (Matte)"},"content":{"rendered":"<p>Hi-5 Print (Matte) va bouleverser la mani\u00e8re dont vous d\u00e9corer les v\u00eatements sensibles \u00e0 la chaleur! Avec ce vinyle imprimable qui s\u2019applique \u00e0 une temp\u00e9rature ultra basse (250 F) et pour une dur\u00e9e d\u2019application de 5 secondes seulement, on dit adieu aux marques de chaleur! Vous pouvez maintenant d\u00e9corer avec confiance des tissus comme le polyester, la rayonne, le polypropyl\u00e8ne et plusieurs autres tissus sensibles \u00e0 la chaleur! Hi-5 Print (Matte) est optimal pour les impressions grand format. Hi-5 Print (Matte) n\u2019est pas compatible avec les imprimantes \u00e0 jet d\u2019encre ou \u00e0 encre de poudre.<\/p>\n<h4>Hi-5 Print (Matte) s\u2019applique \u00e0 :<\/h4>\n<ul>\n<li>100% coton<\/li>\n<li>100% polyester<\/li>\n<li>M\u00e9langes polyester\/coton<\/li>\n<\/ul>\n<p><img alt=\"\" loading=\"lazy\" decoding=\"async\" class=\"alignnone size-full wp-image-2906\" src=\"https:\/\/grafikexperts.com\/wp-content\/uploads\/2020\/06\/6_icon_fr.png\" alt=\"\" width=\"680\" height=\"86\" \/><\/p>\n","protected":false},"excerpt":{"rendered":"<p>Hi-5 Print (Matte) va bouleverser la mani\u00e8re dont vous d\u00e9corer les v\u00eatements sensibles \u00e0 la chaleur! Avec ce vinyle imprimable qui s\u2019applique \u00e0 une temp\u00e9rature ultra basse (250 F) et pour une dur\u00e9e d\u2019application de 5 secondes seulement, on dit adieu aux marques de chaleur! Vous pouvez maintenant d\u00e9corer avec confiance des tissus comme le&#8230;<\/p>\n","protected":false},"featured_media":39942,"comment_status":"closed","ping_status":"closed","template":"","meta":{"_acf_changed":false,"_seopress_robots_primary_cat":"","_seopress_titles_title":"","_seopress_titles_desc":"","_seopress_robots_index":"","_kb_optimizer_status":0,"_kad_blocks_custom_css":"","_kad_blocks_head_custom_js":"","_kad_blocks_body_custom_js":"","_kad_blocks_footer_custom_js":"","_kad_post_transparent":"default","_kad_post_title":"","_kad_post_layout":"default","_kad_post_sidebar_id":"","_kad_post_content_style":"default","_kad_post_vertical_padding":"default","_kad_post_feature":"","_kad_post_feature_position":"","_kad_post_header":false,"_kad_post_footer":false,"_kad_post_classname":""},"product_brand":[],"product_cat":[1137,1139],"product_tag":[],"product_brands":[1217],"class_list":{"0":"post-39948","1":"product","2":"type-product","3":"status-publish","4":"has-post-thumbnail","6":"product_cat-materiaux","7":"product_cat-media-numerique","8":"product_shipping_class-products-fr","9":"product_brands-siser","11":"first","12":"instock","13":"taxable","14":"shipping-taxable","15":"purchasable","16":"product-type-variable","17":"has-default-attributes","18":"entry","19":"content-bg","20":"loop-entry"},"acf":[],"taxonomy_info":{"product_cat":[{"value":1137,"label":"Mat\u00e9riaux"},{"value":1139,"label":"M\u00e9dia num\u00e9rique"}],"product_brands":[{"value":1217,"label":"Siser"}]},"featured_image_src_large":["https:\/\/staging.amacorprintz.com\/wp-content\/uploads\/2025\/12\/IMG_3463-Hi-5-Print-Matte.jpg",1000,1000,false],"author_info":[],"comment_info":0,"wcpa_form_fields":null,"tiered_pricing_type":"fixed","tiered_pricing_fixed_rules":[],"tiered_pricing_product_settings":{"layout":"default","base_unit_name":{"singular":null,"plural":null},"default_variation":null},"tiered_pricing_minimum_quantity":null,"tiered_pricing_roles_data":[],"tiered_pricing_percentage_rules":[],"_links":{"self":[{"href":"https:\/\/staging.amacorprintz.com\/fr\/wp-json\/wp\/v2\/product\/39948","targetHints":{"allow":["GET"]}}],"collection":[{"href":"https:\/\/staging.amacorprintz.com\/fr\/wp-json\/wp\/v2\/product"}],"about":[{"href":"https:\/\/staging.amacorprintz.com\/fr\/wp-json\/wp\/v2\/types\/product"}],"replies":[{"embeddable":true,"href":"https:\/\/staging.amacorprintz.com\/fr\/wp-json\/wp\/v2\/comments?post=39948"}],"wp:featuredmedia":[{"embeddable":true,"href":"https:\/\/staging.amacorprintz.com\/fr\/wp-json\/wp\/v2\/media\/39942"}],"wp:attachment":[{"href":"https:\/\/staging.amacorprintz.com\/fr\/wp-json\/wp\/v2\/media?parent=39948"}],"wp:term":[{"taxonomy":"product_brand","embeddable":true,"href":"https:\/\/staging.amacorprintz.com\/fr\/wp-json\/wp\/v2\/product_brand?post=39948"},{"taxonomy":"product_cat","embeddable":true,"href":"https:\/\/staging.amacorprintz.com\/fr\/wp-json\/wp\/v2\/product_cat?post=39948"},{"taxonomy":"product_tag","embeddable":true,"href":"https:\/\/staging.amacorprintz.com\/fr\/wp-json\/wp\/v2\/product_tag?post=39948"},{"taxonomy":"product_brands","embeddable":true,"href":"https:\/\/staging.amacorprintz.com\/fr\/wp-json\/wp\/v2\/product_brands?post=39948"}],"curies":[{"name":"wp","href":"https:\/\/api.w.org\/{rel}","templated":true}]}}