{"id":39927,"date":"2026-01-07T08:48:31","date_gmt":"2026-01-07T13:48:31","guid":{"rendered":"https:\/\/staging.amacorprintz.com\/?post_type=product&#038;p=39927"},"modified":"2026-01-07T08:49:13","modified_gmt":"2026-01-07T13:49:13","slug":"easyweed","status":"publish","type":"product","link":"https:\/\/staging.amacorprintz.com\/fr\/product\/easyweed\/","title":{"rendered":"EasyWeed\u00ae"},"content":{"rendered":"<p>EasyWeed s\u2019applique \u00e0 une temp\u00e9rature plus basse que ses comp\u00e9titeurs, l\u2019endos peut \u00eatre retir\u00e9 \u00e0 chaud ou froid et il reste coll\u00e9 durant l\u2019effilochage. EasyWeed est \u00e9galement durable, lavage apr\u00e8s lavage et s\u2019applique avec moins de pression. EasyWeed est plus mince que les vinyles sur le march\u00e9 et est id\u00e9al pour la superposition.<\/p>\n<p>EasyWeed a une \u00e9paisseur de 90 microns \/ 3.5 mils et est un compos\u00e9 polyur\u00e9thane<\/p>\n<h4>EasyWeed s\u2019applique \u00e0\u00a0:<\/h4>\n<ul>\n<li>100% coton<\/li>\n<li>100% polyester<\/li>\n<li>M\u00e9langes polyester\/coton<\/li>\n<li>Cuir<\/li>\n<\/ul>\n<p><img alt=\"\" loading=\"lazy\" decoding=\"async\" class=\"alignnone size-full wp-image-2896\" src=\"https:\/\/grafikexperts.com\/wp-content\/uploads\/2020\/06\/1_icon_fr.png\" alt=\"\" width=\"680\" height=\"86\" \/><\/p>\n","protected":false},"excerpt":{"rendered":"<p>EasyWeed s\u2019applique \u00e0 une temp\u00e9rature plus basse que ses comp\u00e9titeurs, l\u2019endos peut \u00eatre retir\u00e9 \u00e0 chaud ou froid et il reste coll\u00e9 durant l\u2019effilochage. EasyWeed est \u00e9galement durable, lavage apr\u00e8s lavage et s\u2019applique avec moins de pression. EasyWeed est plus mince que les vinyles sur le march\u00e9 et est id\u00e9al pour la superposition. EasyWeed a&#8230;<\/p>\n","protected":false},"featured_media":39920,"comment_status":"closed","ping_status":"closed","template":"","meta":{"_acf_changed":false,"_seopress_robots_primary_cat":"","_seopress_titles_title":"","_seopress_titles_desc":"","_seopress_robots_index":"","_kb_optimizer_status":0,"_kad_blocks_custom_css":"","_kad_blocks_head_custom_js":"","_kad_blocks_body_custom_js":"","_kad_blocks_footer_custom_js":"","_kad_post_transparent":"default","_kad_post_title":"","_kad_post_layout":"default","_kad_post_sidebar_id":"","_kad_post_content_style":"default","_kad_post_vertical_padding":"default","_kad_post_feature":"","_kad_post_feature_position":"","_kad_post_header":false,"_kad_post_footer":false,"_kad_post_classname":""},"product_brand":[],"product_cat":[1138],"product_tag":[],"product_brands":[1217],"class_list":{"0":"post-39927","1":"product","2":"type-product","3":"status-publish","4":"has-post-thumbnail","6":"product_cat-vinyle-transfert-thermique","7":"product_shipping_class-products-fr","8":"product_brands-siser","10":"first","11":"instock","12":"taxable","13":"shipping-taxable","14":"purchasable","15":"product-type-variable","16":"has-default-attributes","17":"entry","18":"content-bg","19":"loop-entry"},"acf":[],"taxonomy_info":{"product_cat":[{"value":1138,"label":"Vinyle transfert thermique"}],"product_brands":[{"value":1217,"label":"Siser"}]},"featured_image_src_large":["https:\/\/staging.amacorprintz.com\/wp-content\/uploads\/2025\/12\/easyweed.jpg",1000,1000,false],"author_info":[],"comment_info":0,"wcpa_form_fields":null,"tiered_pricing_type":"fixed","tiered_pricing_fixed_rules":[],"tiered_pricing_product_settings":{"layout":"default","base_unit_name":{"singular":null,"plural":null},"default_variation":null},"tiered_pricing_minimum_quantity":null,"tiered_pricing_roles_data":[],"tiered_pricing_percentage_rules":[],"_links":{"self":[{"href":"https:\/\/staging.amacorprintz.com\/fr\/wp-json\/wp\/v2\/product\/39927","targetHints":{"allow":["GET"]}}],"collection":[{"href":"https:\/\/staging.amacorprintz.com\/fr\/wp-json\/wp\/v2\/product"}],"about":[{"href":"https:\/\/staging.amacorprintz.com\/fr\/wp-json\/wp\/v2\/types\/product"}],"replies":[{"embeddable":true,"href":"https:\/\/staging.amacorprintz.com\/fr\/wp-json\/wp\/v2\/comments?post=39927"}],"wp:featuredmedia":[{"embeddable":true,"href":"https:\/\/staging.amacorprintz.com\/fr\/wp-json\/wp\/v2\/media\/39920"}],"wp:attachment":[{"href":"https:\/\/staging.amacorprintz.com\/fr\/wp-json\/wp\/v2\/media?parent=39927"}],"wp:term":[{"taxonomy":"product_brand","embeddable":true,"href":"https:\/\/staging.amacorprintz.com\/fr\/wp-json\/wp\/v2\/product_brand?post=39927"},{"taxonomy":"product_cat","embeddable":true,"href":"https:\/\/staging.amacorprintz.com\/fr\/wp-json\/wp\/v2\/product_cat?post=39927"},{"taxonomy":"product_tag","embeddable":true,"href":"https:\/\/staging.amacorprintz.com\/fr\/wp-json\/wp\/v2\/product_tag?post=39927"},{"taxonomy":"product_brands","embeddable":true,"href":"https:\/\/staging.amacorprintz.com\/fr\/wp-json\/wp\/v2\/product_brands?post=39927"}],"curies":[{"name":"wp","href":"https:\/\/api.w.org\/{rel}","templated":true}]}}