{"id":39917,"date":"2026-01-07T08:48:32","date_gmt":"2026-01-07T13:48:32","guid":{"rendered":"https:\/\/staging.amacorprintz.com\/?post_type=product&#038;p=39917"},"modified":"2026-01-07T08:49:13","modified_gmt":"2026-01-07T13:49:13","slug":"easyweed-sub-block","status":"publish","type":"product","link":"https:\/\/staging.amacorprintz.com\/fr\/product\/easyweed-sub-block\/","title":{"rendered":"EasyWeed\u00ae Sub Block"},"content":{"rendered":"<p>Les vinyles pour transferts thermiques conventionnels ne sont pas con\u00e7us pour \u00eatre appliqu\u00e9s sur des polyesters sublim\u00e9s. Si vous en faites l\u2019essai, vous risquez d\u2019encourir un ph\u00e9nom\u00e8ne appel\u00e9 la migration des encres. C\u2019est lorsque l\u2019encre utilis\u00e9e traverse jusqu\u2019au vinyle et en alt\u00e8re la couleur. \u00a0EasyWeed Sub Block est sp\u00e9cifiquement formul\u00e9 afin de pr\u00e9venir la migration des encres et vous donne un r\u00e9sultat net! EasyWeeb Sub Block est id\u00e9al pour les motifs camouflage et les jerseys de motocross. Vous pouvez aussi superposer d\u2019autres vinyles Siser par-dessus EasyWeed Sub Block!<\/p>\n<p>EasyWeed a une \u00e9paisseur de 110 microns \/ 4.3 mils et est un compos\u00e9 polyurethane.<\/p>\n<h4>EasyWeed Glow s\u2019applique \u00e0\u00a0:<\/h4>\n<ul>\n<li>100% polyester<\/li>\n<li>100% polyester sublim\u00e9<\/li>\n<\/ul>\n<p><img alt=\"\" loading=\"lazy\" decoding=\"async\" class=\"alignnone size-full wp-image-2896\" src=\"https:\/\/grafikexperts.com\/wp-content\/uploads\/2020\/06\/1_icon_fr.png\" alt=\"\" width=\"680\" height=\"86\" \/><\/p>\n","protected":false},"excerpt":{"rendered":"<p>Les vinyles pour transferts thermiques conventionnels ne sont pas con\u00e7us pour \u00eatre appliqu\u00e9s sur des polyesters sublim\u00e9s. Si vous en faites l\u2019essai, vous risquez d\u2019encourir un ph\u00e9nom\u00e8ne appel\u00e9 la migration des encres. C\u2019est lorsque l\u2019encre utilis\u00e9e traverse jusqu\u2019au vinyle et en alt\u00e8re la couleur. \u00a0EasyWeed Sub Block est sp\u00e9cifiquement formul\u00e9 afin de pr\u00e9venir la migration&#8230;<\/p>\n","protected":false},"featured_media":39914,"comment_status":"closed","ping_status":"closed","template":"","meta":{"_acf_changed":false,"_seopress_robots_primary_cat":"","_seopress_titles_title":"","_seopress_titles_desc":"","_seopress_robots_index":"","_kb_optimizer_status":0,"_kad_blocks_custom_css":"","_kad_blocks_head_custom_js":"","_kad_blocks_body_custom_js":"","_kad_blocks_footer_custom_js":"","_kad_post_transparent":"default","_kad_post_title":"","_kad_post_layout":"default","_kad_post_sidebar_id":"","_kad_post_content_style":"default","_kad_post_vertical_padding":"default","_kad_post_feature":"","_kad_post_feature_position":"","_kad_post_header":false,"_kad_post_footer":false,"_kad_post_classname":""},"product_brand":[],"product_cat":[1138],"product_tag":[],"product_brands":[1217],"class_list":{"0":"post-39917","1":"product","2":"type-product","3":"status-publish","4":"has-post-thumbnail","6":"product_cat-vinyle-transfert-thermique","7":"product_shipping_class-products-fr","8":"product_brands-siser","10":"first","11":"instock","12":"taxable","13":"shipping-taxable","14":"purchasable","15":"product-type-variable","16":"has-default-attributes","17":"entry","18":"content-bg","19":"loop-entry"},"acf":[],"taxonomy_info":{"product_cat":[{"value":1138,"label":"Vinyle transfert thermique"}],"product_brands":[{"value":1217,"label":"Siser"}]},"featured_image_src_large":["https:\/\/staging.amacorprintz.com\/wp-content\/uploads\/2025\/12\/SubBlock-rolls-1.jpg",1000,1000,false],"author_info":[],"comment_info":0,"wcpa_form_fields":null,"tiered_pricing_type":"fixed","tiered_pricing_fixed_rules":[],"tiered_pricing_product_settings":{"layout":"default","base_unit_name":{"singular":null,"plural":null},"default_variation":null},"tiered_pricing_minimum_quantity":null,"tiered_pricing_roles_data":[],"tiered_pricing_percentage_rules":[],"_links":{"self":[{"href":"https:\/\/staging.amacorprintz.com\/fr\/wp-json\/wp\/v2\/product\/39917","targetHints":{"allow":["GET"]}}],"collection":[{"href":"https:\/\/staging.amacorprintz.com\/fr\/wp-json\/wp\/v2\/product"}],"about":[{"href":"https:\/\/staging.amacorprintz.com\/fr\/wp-json\/wp\/v2\/types\/product"}],"replies":[{"embeddable":true,"href":"https:\/\/staging.amacorprintz.com\/fr\/wp-json\/wp\/v2\/comments?post=39917"}],"wp:featuredmedia":[{"embeddable":true,"href":"https:\/\/staging.amacorprintz.com\/fr\/wp-json\/wp\/v2\/media\/39914"}],"wp:attachment":[{"href":"https:\/\/staging.amacorprintz.com\/fr\/wp-json\/wp\/v2\/media?parent=39917"}],"wp:term":[{"taxonomy":"product_brand","embeddable":true,"href":"https:\/\/staging.amacorprintz.com\/fr\/wp-json\/wp\/v2\/product_brand?post=39917"},{"taxonomy":"product_cat","embeddable":true,"href":"https:\/\/staging.amacorprintz.com\/fr\/wp-json\/wp\/v2\/product_cat?post=39917"},{"taxonomy":"product_tag","embeddable":true,"href":"https:\/\/staging.amacorprintz.com\/fr\/wp-json\/wp\/v2\/product_tag?post=39917"},{"taxonomy":"product_brands","embeddable":true,"href":"https:\/\/staging.amacorprintz.com\/fr\/wp-json\/wp\/v2\/product_brands?post=39917"}],"curies":[{"name":"wp","href":"https:\/\/api.w.org\/{rel}","templated":true}]}}