{"id":39910,"date":"2026-01-07T08:48:22","date_gmt":"2026-01-07T13:48:22","guid":{"rendered":"https:\/\/staging.amacorprintz.com\/?post_type=product&#038;p=39910"},"modified":"2026-01-07T08:49:18","modified_gmt":"2026-01-07T13:49:18","slug":"ttd-easy-mask","status":"publish","type":"product","link":"https:\/\/staging.amacorprintz.com\/fr\/product\/ttd-easy-mask\/","title":{"rendered":"TTD Easy Mask"},"content":{"rendered":"<p>TTD Easy Mask est un masque transparent formul\u00e9 pour \u00eatre utilis\u00e9 avec tous les mat\u00e9riaux imprim\u00e9s et d\u00e9coup\u00e9s Siser. \u00c9tant clair, le masque vous permet de placer facilement le motif sur le v\u00eatement lors de l&rsquo;application.<\/p>\n","protected":false},"excerpt":{"rendered":"<p>TTD Easy Mask est un masque transparent formul\u00e9 pour \u00eatre utilis\u00e9 avec tous les mat\u00e9riaux imprim\u00e9s et d\u00e9coup\u00e9s Siser. \u00c9tant clair, le masque vous permet de placer facilement le motif sur le v\u00eatement lors de l&rsquo;application.<\/p>\n","protected":false},"featured_media":39908,"comment_status":"closed","ping_status":"closed","template":"","meta":{"_acf_changed":false,"_seopress_robots_primary_cat":"","_seopress_titles_title":"","_seopress_titles_desc":"","_seopress_robots_index":"","_kb_optimizer_status":0,"_kad_blocks_custom_css":"","_kad_blocks_head_custom_js":"","_kad_blocks_body_custom_js":"","_kad_blocks_footer_custom_js":"","_kad_post_transparent":"default","_kad_post_title":"","_kad_post_layout":"default","_kad_post_sidebar_id":"","_kad_post_content_style":"default","_kad_post_vertical_padding":"default","_kad_post_feature":"","_kad_post_feature_position":"","_kad_post_header":false,"_kad_post_footer":false,"_kad_post_classname":""},"product_brand":[],"product_cat":[1137,1139],"product_tag":[],"product_brands":[1217],"class_list":{"0":"post-39910","1":"product","2":"type-product","3":"status-publish","4":"has-post-thumbnail","6":"product_cat-materiaux","7":"product_cat-media-numerique","8":"product_shipping_class-products-fr","9":"product_brands-siser","11":"first","12":"instock","13":"taxable","14":"shipping-taxable","15":"purchasable","16":"product-type-variable","17":"has-default-attributes","18":"entry","19":"content-bg","20":"loop-entry"},"acf":[],"taxonomy_info":{"product_cat":[{"value":1137,"label":"Mat\u00e9riaux"},{"value":1139,"label":"M\u00e9dia num\u00e9rique"}],"product_brands":[{"value":1217,"label":"Siser"}]},"featured_image_src_large":["https:\/\/staging.amacorprintz.com\/wp-content\/uploads\/2025\/12\/TTD-Easy-Mask.jpg",600,600,false],"author_info":[],"comment_info":0,"wcpa_form_fields":null,"tiered_pricing_type":"fixed","tiered_pricing_fixed_rules":[],"tiered_pricing_product_settings":{"layout":"default","base_unit_name":{"singular":null,"plural":null},"default_variation":null},"tiered_pricing_minimum_quantity":null,"tiered_pricing_roles_data":[],"tiered_pricing_percentage_rules":[],"_links":{"self":[{"href":"https:\/\/staging.amacorprintz.com\/fr\/wp-json\/wp\/v2\/product\/39910","targetHints":{"allow":["GET"]}}],"collection":[{"href":"https:\/\/staging.amacorprintz.com\/fr\/wp-json\/wp\/v2\/product"}],"about":[{"href":"https:\/\/staging.amacorprintz.com\/fr\/wp-json\/wp\/v2\/types\/product"}],"replies":[{"embeddable":true,"href":"https:\/\/staging.amacorprintz.com\/fr\/wp-json\/wp\/v2\/comments?post=39910"}],"wp:featuredmedia":[{"embeddable":true,"href":"https:\/\/staging.amacorprintz.com\/fr\/wp-json\/wp\/v2\/media\/39908"}],"wp:attachment":[{"href":"https:\/\/staging.amacorprintz.com\/fr\/wp-json\/wp\/v2\/media?parent=39910"}],"wp:term":[{"taxonomy":"product_brand","embeddable":true,"href":"https:\/\/staging.amacorprintz.com\/fr\/wp-json\/wp\/v2\/product_brand?post=39910"},{"taxonomy":"product_cat","embeddable":true,"href":"https:\/\/staging.amacorprintz.com\/fr\/wp-json\/wp\/v2\/product_cat?post=39910"},{"taxonomy":"product_tag","embeddable":true,"href":"https:\/\/staging.amacorprintz.com\/fr\/wp-json\/wp\/v2\/product_tag?post=39910"},{"taxonomy":"product_brands","embeddable":true,"href":"https:\/\/staging.amacorprintz.com\/fr\/wp-json\/wp\/v2\/product_brands?post=39910"}],"curies":[{"name":"wp","href":"https:\/\/api.w.org\/{rel}","templated":true}]}}