{"id":39899,"date":"2026-01-07T08:48:24","date_gmt":"2026-01-07T13:48:24","guid":{"rendered":"https:\/\/staging.amacorprintz.com\/?post_type=product&#038;p=39899"},"modified":"2026-01-07T08:49:17","modified_gmt":"2026-01-07T13:49:17","slug":"s-print","status":"publish","type":"product","link":"https:\/\/staging.amacorprintz.com\/fr\/product\/s-print\/","title":{"rendered":"S-Print&#x2122;"},"content":{"rendered":"<p>S-Print est con\u00e7u pour \u00eatre un vinyle imprimable \u00e0 base d&rsquo;eau extr\u00eamement souple, qui est non seulement facile \u00e0 utiliser, mais aussi respectueux de l&rsquo;environnement. Gr\u00e2ce \u00e0 une toute nouvelle composition, vous pouvez obtenir des designs doux qui donnent presque l&rsquo;impression qu&rsquo;il n&rsquo;y a rien. S-Print est \u00e9galement id\u00e9al pour les v\u00eatements extensibles et plus sensibles \u00e0 la chaleur gr\u00e2ce \u00e0 une temp\u00e9rature d&rsquo;application basse de 248 \u00b0F \/ 120 \u00b0C pendant 15 secondes ! Comme beaucoup de nos autres produits imprimables, S-Print est certifi\u00e9 CPSIA et fonctionne avec les imprimantes \u00e0 solvant et \u00e0 \u00e9co-solvant.<\/p>\n<p>S-Print mesure environ 85 microns\/3,5 mils et est compos\u00e9 de PU.<\/p>\n<h4>S-Print s&rsquo;applique \u00e0 :<\/h4>\n<ul>\n<li>100 % coton<\/li>\n<li>100 % polyester<\/li>\n<li>M\u00e9langes polyester\/coton<\/li>\n<li>Spandex<\/li>\n<\/ul>\n<p><img alt=\"\" loading=\"lazy\" decoding=\"async\" class=\"size-full wp-image-21631\" src=\"https:\/\/grafikexperts.com\/wp-content\/uploads\/2020\/03\/inks2.jpg\" alt=\"\" width=\"680\" height=\"86\" \/><\/p>\n<p>&nbsp;<\/p>\n","protected":false},"excerpt":{"rendered":"<p>D\u00e9couvrez le nouveau \u00ab\u00a0Soft Opaque\u00a0\u00bb avec S-Print&#x2122; Digital HTV !<\/p>\n","protected":false},"featured_media":39895,"comment_status":"closed","ping_status":"closed","template":"","meta":{"_acf_changed":false,"_seopress_robots_primary_cat":"","_seopress_titles_title":"","_seopress_titles_desc":"","_seopress_robots_index":"","_kb_optimizer_status":0,"_kad_blocks_custom_css":"","_kad_blocks_head_custom_js":"","_kad_blocks_body_custom_js":"","_kad_blocks_footer_custom_js":"","_kad_post_transparent":"default","_kad_post_title":"","_kad_post_layout":"default","_kad_post_sidebar_id":"","_kad_post_content_style":"default","_kad_post_vertical_padding":"default","_kad_post_feature":"","_kad_post_feature_position":"","_kad_post_header":false,"_kad_post_footer":false,"_kad_post_classname":""},"product_brand":[],"product_cat":[1137,1139],"product_tag":[],"product_brands":[1217],"class_list":{"0":"post-39899","1":"product","2":"type-product","3":"status-publish","4":"has-post-thumbnail","6":"product_cat-materiaux","7":"product_cat-media-numerique","8":"product_brands-siser","10":"first","11":"instock","12":"taxable","13":"shipping-taxable","14":"purchasable","15":"product-type-variable","16":"has-default-attributes","17":"entry","18":"content-bg","19":"loop-entry"},"acf":[],"taxonomy_info":{"product_cat":[{"value":1137,"label":"Mat\u00e9riaux"},{"value":1139,"label":"M\u00e9dia num\u00e9rique"}],"product_brands":[{"value":1217,"label":"Siser"}]},"featured_image_src_large":["https:\/\/staging.amacorprintz.com\/wp-content\/uploads\/2025\/12\/S-Print.jpg",1000,1000,false],"author_info":[],"comment_info":0,"wcpa_form_fields":null,"tiered_pricing_type":"fixed","tiered_pricing_fixed_rules":[],"tiered_pricing_product_settings":{"layout":"default","base_unit_name":{"singular":null,"plural":null},"default_variation":null},"tiered_pricing_minimum_quantity":null,"tiered_pricing_roles_data":[],"tiered_pricing_percentage_rules":[],"_links":{"self":[{"href":"https:\/\/staging.amacorprintz.com\/fr\/wp-json\/wp\/v2\/product\/39899","targetHints":{"allow":["GET"]}}],"collection":[{"href":"https:\/\/staging.amacorprintz.com\/fr\/wp-json\/wp\/v2\/product"}],"about":[{"href":"https:\/\/staging.amacorprintz.com\/fr\/wp-json\/wp\/v2\/types\/product"}],"replies":[{"embeddable":true,"href":"https:\/\/staging.amacorprintz.com\/fr\/wp-json\/wp\/v2\/comments?post=39899"}],"wp:featuredmedia":[{"embeddable":true,"href":"https:\/\/staging.amacorprintz.com\/fr\/wp-json\/wp\/v2\/media\/39895"}],"wp:attachment":[{"href":"https:\/\/staging.amacorprintz.com\/fr\/wp-json\/wp\/v2\/media?parent=39899"}],"wp:term":[{"taxonomy":"product_brand","embeddable":true,"href":"https:\/\/staging.amacorprintz.com\/fr\/wp-json\/wp\/v2\/product_brand?post=39899"},{"taxonomy":"product_cat","embeddable":true,"href":"https:\/\/staging.amacorprintz.com\/fr\/wp-json\/wp\/v2\/product_cat?post=39899"},{"taxonomy":"product_tag","embeddable":true,"href":"https:\/\/staging.amacorprintz.com\/fr\/wp-json\/wp\/v2\/product_tag?post=39899"},{"taxonomy":"product_brands","embeddable":true,"href":"https:\/\/staging.amacorprintz.com\/fr\/wp-json\/wp\/v2\/product_brands?post=39899"}],"curies":[{"name":"wp","href":"https:\/\/api.w.org\/{rel}","templated":true}]}}