{"id":39881,"date":"2026-01-07T08:48:11","date_gmt":"2026-01-07T13:48:11","guid":{"rendered":"https:\/\/staging.amacorprintz.com\/?post_type=product&#038;p=39881"},"modified":"2026-01-07T08:49:27","modified_gmt":"2026-01-07T13:49:27","slug":"easysubli","status":"publish","type":"product","link":"https:\/\/staging.amacorprintz.com\/fr\/product\/easysubli\/","title":{"rendered":"EasySubli"},"content":{"rendered":"<p>Vous savez d\u00e9j\u00e0 que le vinyle transfert thermique Siser Glitter peut \u00eatre sublim\u00e9, mais que faire si vous voulez \u00e9viter les \u00e9tincelles ? Siser\u00ae a la solution de sublimation qu&rsquo;il vous faut ! EasySubli\u00ae, le vinyle de transfert thermique mat r\u00e9ceptif \u00e0 l&rsquo;encre de sublimation, est maintenant disponible ! Le HTV EasySubli de Siser est la cl\u00e9 de la d\u00e9coration du polyester color\u00e9 (\u00e0 l&rsquo;exception des v\u00eatements en polyester sublim\u00e9) et des m\u00e9langes de coton. Ne vous limitez plus jamais au polyester blanc lorsque vous passez \u00e0 EasySubli !<\/p>\n<p>Disponibles pour les Sawgrass Virtuoso SG500 et SG1000, les encres Siser EasySubli peuvent faire plus qu&rsquo;imprimer sur EasySubli ! Utilisez les encres Siser EasySubli pour r\u00e9pondre \u00e0 tous vos besoins en mati\u00e8re de colorants standard, de sorte qu&rsquo;il n&rsquo;est pas n\u00e9cessaire de changer d&rsquo;encre d&rsquo;un projet \u00e0 l&rsquo;autre. Easy Subli a une \u00e9paisseur d&rsquo;environ 220 mircons\/8.67 Mils.<\/p>\n<hr \/>\n<p>Certifi\u00e9 CPSIA | OEKO-TEX\u00ae Standard 100 | VeganOK | Conforme REACH | CA Prop 65 | Recyclable<\/p>\n","protected":false},"excerpt":{"rendered":"<p>La derni\u00e8re innovation en mati\u00e8re de transfert vinyle thermique par sublimation.<\/p>\n","protected":false},"featured_media":39880,"comment_status":"closed","ping_status":"closed","template":"","meta":{"_acf_changed":false,"_seopress_robots_primary_cat":"","_seopress_titles_title":"","_seopress_titles_desc":"","_seopress_robots_index":"","_kb_optimizer_status":0,"_kad_blocks_custom_css":"","_kad_blocks_head_custom_js":"","_kad_blocks_body_custom_js":"","_kad_blocks_footer_custom_js":"","_kad_post_transparent":"default","_kad_post_title":"","_kad_post_layout":"default","_kad_post_sidebar_id":"","_kad_post_content_style":"default","_kad_post_vertical_padding":"default","_kad_post_feature":"","_kad_post_feature_position":"","_kad_post_header":false,"_kad_post_footer":false,"_kad_post_classname":""},"product_brand":[],"product_cat":[1140],"product_tag":[],"product_brands":[1217],"class_list":{"0":"post-39881","1":"product","2":"type-product","3":"status-publish","4":"has-post-thumbnail","6":"product_cat-sublimation","7":"product_brands-siser","9":"first","10":"instock","11":"taxable","12":"shipping-taxable","13":"purchasable","14":"product-type-variable","15":"has-default-attributes","16":"entry","17":"content-bg","18":"loop-entry"},"acf":[],"taxonomy_info":{"product_cat":[{"value":1140,"label":"Sublimation"}],"product_brands":[{"value":1217,"label":"Siser"}]},"featured_image_src_large":["https:\/\/staging.amacorprintz.com\/wp-content\/uploads\/2025\/12\/EasySubli-htv-1024x1024.jpg",1024,1024,true],"author_info":[],"comment_info":0,"wcpa_form_fields":null,"tiered_pricing_type":"fixed","tiered_pricing_fixed_rules":[],"tiered_pricing_product_settings":{"layout":"default","base_unit_name":{"singular":null,"plural":null},"default_variation":null},"tiered_pricing_minimum_quantity":null,"tiered_pricing_roles_data":[],"tiered_pricing_percentage_rules":[],"_links":{"self":[{"href":"https:\/\/staging.amacorprintz.com\/fr\/wp-json\/wp\/v2\/product\/39881","targetHints":{"allow":["GET"]}}],"collection":[{"href":"https:\/\/staging.amacorprintz.com\/fr\/wp-json\/wp\/v2\/product"}],"about":[{"href":"https:\/\/staging.amacorprintz.com\/fr\/wp-json\/wp\/v2\/types\/product"}],"replies":[{"embeddable":true,"href":"https:\/\/staging.amacorprintz.com\/fr\/wp-json\/wp\/v2\/comments?post=39881"}],"wp:featuredmedia":[{"embeddable":true,"href":"https:\/\/staging.amacorprintz.com\/fr\/wp-json\/wp\/v2\/media\/39880"}],"wp:attachment":[{"href":"https:\/\/staging.amacorprintz.com\/fr\/wp-json\/wp\/v2\/media?parent=39881"}],"wp:term":[{"taxonomy":"product_brand","embeddable":true,"href":"https:\/\/staging.amacorprintz.com\/fr\/wp-json\/wp\/v2\/product_brand?post=39881"},{"taxonomy":"product_cat","embeddable":true,"href":"https:\/\/staging.amacorprintz.com\/fr\/wp-json\/wp\/v2\/product_cat?post=39881"},{"taxonomy":"product_tag","embeddable":true,"href":"https:\/\/staging.amacorprintz.com\/fr\/wp-json\/wp\/v2\/product_tag?post=39881"},{"taxonomy":"product_brands","embeddable":true,"href":"https:\/\/staging.amacorprintz.com\/fr\/wp-json\/wp\/v2\/product_brands?post=39881"}],"curies":[{"name":"wp","href":"https:\/\/api.w.org\/{rel}","templated":true}]}}