{"id":39876,"date":"2026-01-07T08:48:34","date_gmt":"2026-01-07T13:48:34","guid":{"rendered":"https:\/\/staging.amacorprintz.com\/?post_type=product&#038;p=39876"},"modified":"2026-01-07T08:49:11","modified_gmt":"2026-01-07T13:49:11","slug":"easy-glow-in-the-dark","status":"publish","type":"product","link":"https:\/\/staging.amacorprintz.com\/fr\/product\/easy-glow-in-the-dark\/","title":{"rendered":"Easy Glow in the Dark"},"content":{"rendered":"<p>Easy Glow in the Dark parait bien le jour et s\u2019illumine dans la noirceur! Ce vinyle est disponible en blanc et tourne au vert lorsqu\u2019il s\u2019illumine. Il se coupe et s\u2019effiloche aussi facilement que EasyWeed. Pour le faire illuminer, il suffit de \u00ab charger \u00bb le vinyle en l\u2019exposant \u00e0 la lumi\u00e8re du soleil. Plus vous l\u2019exposez \u00e0 la lumi\u00e8re, plus il s\u2019illumine brillamment et longtemps! Easy Glow in the Dark est id\u00e9al pour les costumes d\u2019Halloween ou la literie de chambres d\u2019enfants. Easy GlowGlow in the Dark peut \u00eatre superpos\u00e9 sur d\u2019autre vinyles Siser : vous pouvez ainsi dissimuler une image, un logo, un message qui se r\u00e9v\u00e8lent dans la noirceur.<\/p>\n<p>Easy Glow in the Dark est certifi\u00e9 CPSIA pour que m\u00eame les plus petits puissent s&rsquo;amuser \u00e0 briller dans le noir !<\/p>\n<h4>Easy Glow in the Dark s\u2019applique au :<\/h4>\n<ul>\n<li>100% coton<\/li>\n<li>100% polyester<\/li>\n<li>M\u00e9langes polyester\/coton<\/li>\n<li>Cuire<\/li>\n<\/ul>\n<p><img alt=\"\" loading=\"lazy\" decoding=\"async\" class=\"alignnone size-full wp-image-2896\" src=\"https:\/\/grafikexperts.com\/wp-content\/uploads\/2020\/06\/1_icon_fr.png\" alt=\"\" width=\"680\" height=\"86\" \/><\/p>\n","protected":false},"excerpt":{"rendered":"<p>Easy Glow in the Dark parait bien le jour et s\u2019illumine dans la noirceur! Ce vinyle est disponible en blanc et tourne au vert lorsqu\u2019il s\u2019illumine. Il se coupe et s\u2019effiloche aussi facilement que EasyWeed. Pour le faire illuminer, il suffit de \u00ab charger \u00bb le vinyle en l\u2019exposant \u00e0 la lumi\u00e8re du soleil. Plus&#8230;<\/p>\n","protected":false},"featured_media":39873,"comment_status":"closed","ping_status":"closed","template":"","meta":{"_acf_changed":false,"_seopress_robots_primary_cat":"","_seopress_titles_title":"","_seopress_titles_desc":"","_seopress_robots_index":"","_kb_optimizer_status":0,"_kad_blocks_custom_css":"","_kad_blocks_head_custom_js":"","_kad_blocks_body_custom_js":"","_kad_blocks_footer_custom_js":"","_kad_post_transparent":"default","_kad_post_title":"","_kad_post_layout":"default","_kad_post_sidebar_id":"","_kad_post_content_style":"default","_kad_post_vertical_padding":"default","_kad_post_feature":"","_kad_post_feature_position":"","_kad_post_header":false,"_kad_post_footer":false,"_kad_post_classname":""},"product_brand":[],"product_cat":[1138],"product_tag":[],"product_brands":[1217],"class_list":{"0":"post-39876","1":"product","2":"type-product","3":"status-publish","4":"has-post-thumbnail","6":"product_cat-vinyle-transfert-thermique","7":"product_shipping_class-products-fr","8":"product_brands-siser","10":"first","11":"instock","12":"taxable","13":"shipping-taxable","14":"purchasable","15":"product-type-variable","16":"entry","17":"content-bg","18":"loop-entry"},"acf":[],"taxonomy_info":{"product_cat":[{"value":1138,"label":"Vinyle transfert thermique"}],"product_brands":[{"value":1217,"label":"Siser"}]},"featured_image_src_large":["https:\/\/staging.amacorprintz.com\/wp-content\/uploads\/2025\/12\/Easyweed-Glow-roll-1.jpg",1000,1000,false],"author_info":[],"comment_info":0,"wcpa_form_fields":null,"tiered_pricing_type":"fixed","tiered_pricing_fixed_rules":[],"tiered_pricing_product_settings":{"layout":"default","base_unit_name":{"singular":null,"plural":null},"default_variation":null},"tiered_pricing_minimum_quantity":null,"tiered_pricing_roles_data":[],"tiered_pricing_percentage_rules":[],"_links":{"self":[{"href":"https:\/\/staging.amacorprintz.com\/fr\/wp-json\/wp\/v2\/product\/39876","targetHints":{"allow":["GET"]}}],"collection":[{"href":"https:\/\/staging.amacorprintz.com\/fr\/wp-json\/wp\/v2\/product"}],"about":[{"href":"https:\/\/staging.amacorprintz.com\/fr\/wp-json\/wp\/v2\/types\/product"}],"replies":[{"embeddable":true,"href":"https:\/\/staging.amacorprintz.com\/fr\/wp-json\/wp\/v2\/comments?post=39876"}],"wp:featuredmedia":[{"embeddable":true,"href":"https:\/\/staging.amacorprintz.com\/fr\/wp-json\/wp\/v2\/media\/39873"}],"wp:attachment":[{"href":"https:\/\/staging.amacorprintz.com\/fr\/wp-json\/wp\/v2\/media?parent=39876"}],"wp:term":[{"taxonomy":"product_brand","embeddable":true,"href":"https:\/\/staging.amacorprintz.com\/fr\/wp-json\/wp\/v2\/product_brand?post=39876"},{"taxonomy":"product_cat","embeddable":true,"href":"https:\/\/staging.amacorprintz.com\/fr\/wp-json\/wp\/v2\/product_cat?post=39876"},{"taxonomy":"product_tag","embeddable":true,"href":"https:\/\/staging.amacorprintz.com\/fr\/wp-json\/wp\/v2\/product_tag?post=39876"},{"taxonomy":"product_brands","embeddable":true,"href":"https:\/\/staging.amacorprintz.com\/fr\/wp-json\/wp\/v2\/product_brands?post=39876"}],"curies":[{"name":"wp","href":"https:\/\/api.w.org\/{rel}","templated":true}]}}