{"id":36728,"date":"2025-07-29T15:21:05","date_gmt":"2025-07-29T19:21:05","guid":{"rendered":"https:\/\/staging.amacorprintz.com\/?post_type=product&#038;p=36728"},"modified":"2025-09-26T11:46:49","modified_gmt":"2025-09-26T15:46:49","slug":"dtf-personnalise-couleur","status":"publish","type":"product","link":"https:\/\/staging.amacorprintz.com\/fr\/product\/dtf-personnalise-couleur\/","title":{"rendered":"DTF personnalis\u00e9 &#8211; Couleur"},"content":{"rendered":"<h2>Transferts haute r\u00e9solution, en couleur, tr\u00e8s r\u00e9sistants \u00e0 l&rsquo;\u00e9tirement et au lavage.<\/h2>\n<p>Id\u00e9al pour le coton, le polyester, les m\u00e9langes et plus encore.<br \/>\nParfait pour les illustrations d\u00e9taill\u00e9es, les d\u00e9grad\u00e9s et les motifs complexes.<\/p>\n<h4>3 \u00c9TAPES SIMPLES \u2013 UN PROCESSUS FLUIDE<\/h4>\n<p><strong>1. T\u00e9l\u00e9chargez votre motif<\/strong><br \/>\nEnvoyez-nous votre illustration ou votre logo, qu&rsquo;il soit audacieux et color\u00e9 ou \u00e9l\u00e9gant et minimaliste, nous nous occupons du reste.<\/p>\n<p><strong>2. Nous imprimons et exp\u00e9dions<\/strong><br \/>\nNotre production interne garantit des transferts \u00e9clatants et d\u00e9taill\u00e9s, fid\u00e8les \u00e0 votre motif original.<\/p>\n<p><strong>3. Pressez et exhibez<\/strong><br \/>\nAppliquez votre transfert sur le v\u00eatement de votre choix (instructions ci-dessous), puis portez-le ou vendez-le avec fiert\u00e9 !<\/p>\n","protected":false},"excerpt":{"rendered":"<p>Nos transferts sont <strong>flexibles, r\u00e9sistants \u00e0 l&rsquo;\u00e9tirement et \u00e9clatants,<\/strong> parfaits pour les start-ups ou les activit\u00e9s secondaires. Il vous suffit de t\u00e9l\u00e9charger votre maquette pr\u00eate \u00e0 imprimer, de choisir la quantit\u00e9 souhait\u00e9e et de nous laisser nous occuper du reste.<\/p>\n","protected":false},"featured_media":36739,"comment_status":"open","ping_status":"closed","template":"","meta":{"_acf_changed":false,"_seopress_robots_primary_cat":"","_seopress_titles_title":"","_seopress_titles_desc":"","_seopress_robots_index":"","_kb_optimizer_status":0,"_kad_blocks_custom_css":"","_kad_blocks_head_custom_js":"","_kad_blocks_body_custom_js":"","_kad_blocks_footer_custom_js":"","_kad_post_transparent":"default","_kad_post_title":"","_kad_post_layout":"default","_kad_post_sidebar_id":"","_kad_post_content_style":"default","_kad_post_vertical_padding":"default","_kad_post_feature":"","_kad_post_feature_position":"","_kad_post_header":false,"_kad_post_footer":false,"_kad_post_classname":""},"product_brand":[],"product_cat":[634],"product_tag":[],"product_brands":[],"class_list":{"0":"post-36728","1":"product","2":"type-product","3":"status-publish","4":"has-post-thumbnail","6":"product_cat-pret-pour-application","7":"wcpa_has_options","9":"first","10":"instock","11":"taxable","12":"shipping-taxable","13":"purchasable","14":"product-type-simple","15":"entry","16":"content-bg","17":"loop-entry"},"acf":[],"taxonomy_info":{"product_cat":[{"value":634,"label":"Pr\u00eat pour application"}]},"featured_image_src_large":["https:\/\/staging.amacorprintz.com\/wp-content\/uploads\/2025\/07\/DTF-IMG_4735-768x1024.webp",768,1024,true],"author_info":[],"comment_info":0,"wcpa_form_fields":{"wcpaData":{"product":{"product_price":0,"price_html":"<span class=\"woocommerce-Price-amount amount\"> <\/span>","original_product_price":0,"price_including_tax":0,"price_excluding_tax":0,"product_id":{"parent":36728,"variation":false},"is_variable":false,"stock_status":"instock","stock_quantity":null,"parent_sku":"AP-RTA-DTF","product_attributes":[],"custom_fields":{"wcpa_pcf_sso_1color":"(({quantity}>1151)?(1.52) : (({quantity}>575)?(1.79) : (({quantity}>287)?(1.97) : (({quantity}>143)?(2.96) : (({quantity}>71)?(3.49) : (({quantity}>47)?(4.93) : (({quantity}>23)?(7.08) : (0))))))))","wcpa_pcf_sso_2colors":"(({quantity}>1151)?(1.88) : (({quantity}>575)?(2.24) : (({quantity}>287)?(2.60) : (({quantity}>143)?(3.85) : (({quantity}>71)?(5.02) : (({quantity}>47)?(6.72) : (({quantity}>23)?(9.77) : (0))))))))","wcpa_pcf_sso_3colors":"(({quantity}>1151)?(2.24) : (({quantity}>575)?(2.69) : (({quantity}>287)?(3.23) : (({quantity}>143)?(4.75) : (({quantity}>71)?(6.54) : (({quantity}>47)?(8.51) : (({quantity}>23)?(12.46) : (0))))))))","wcpa_pcf_sso_4colors":"(({quantity}>1151)?(2.60) : (({quantity}>575)?(3.14) : (({quantity}>287)?(3.85) : (({quantity}>143)?(5.65) : (({quantity}>71)?(8.06) : (({quantity}>47)?(10.30) : (({quantity}>23)?(15.14) : (0))))))))","wcpa_pcf_sso_5colors":"(({quantity}>1151)?(2.96) : (({quantity}>575)?(3.58) : (({quantity}>287)?(4.48) : (({quantity}>143)?(6.54) : (0)))))","wcpa_pcf_widthheightpat":"{field.number_566e9ea3614825.value}*{field.number_566e9ea361482f.value}"},"is_taxable":true,"product_name":"DTF personnalis\u00e9 - Couleur","hasImage":false},"fields":{"sec_26889236264646":{"extra":{"key":"sec_26889236264646","section_id":"sec_26889236264646","name":"","status":1,"cl_rule":"show","enableCl":false,"relations":[],"toggle":true,"title_tag":"h3","show_title":false,"showPrice":"hide","repeater_section_field_label":"{field_label} ","repeater_section_label":"{section_name} - {counter} ","repeater_bind":"","repeater":false,"repeater_max":"5","layout_option":"standard","form_id":37805,"form_rules":{"exclude_from_discount":false,"fee_label":"Frais Additionnels","disp_hide_options_price":true,"disp_show_section_price":false,"disp_show_field_price":true,"layout_option":"standard","pric_use_as_fee":false,"process_fee_as":"woo_fee"}},"fields":[[{"active":true,"col":2,"relations":[{"operator":false,"rules":[{"operator":"AND","rules":{"cl_field":"file-9841283525","cl_relation":"is_not_empty","cl_val":""}}]}],"cl_rule":"hide","enableCl":true,"price":"","enablePrice":false,"className":"","label_position":"above","desc_position":"above","type":"file","required":false,"elementId":"file_8139211871","name":"file_8139211871","label":"PNG Upload","upload_type":"droppable","uploadSize":500,"file_types":[],"isWeightTemplate":false,"error":false,"isTemplate":false,"min_quantity":"1","quantity_decimal":false,"quantity_step":"1","quantity_label":"Quantity","repeater_field_label":"{field_label}","repeater_bind":"","description":"No charge for .png files.","exts_supported":[".png"],"pricingType":"fixed","allowedFileTypes":".png","gt_translate_keys":["label","description","repeater_field_label","quantity_label"],"price_dependency":false,"cl_dependency":["file-9841283525","checkbox-9771842362"],"value":""},{"label":"Other Upload","active":true,"required":false,"elementId":"file-9841283525","upload_type":"droppable","file_types":[],"description":"Added fee for PNG file conversions of these files: .ai, .epd, .pdf. Also includes any file re-sizing and\/or cropping required.","name":"file-9841283525","label_position":"above","desc_position":"above","enablePrice":true,"className":"","enableCl":true,"relations":[{"operator":false,"rules":[{"operator":"AND","rules":{"cl_field":"file_8139211871","cl_relation":"is_not_empty","cl_val":""}}]}],"repeater_bind":"","repeater_field_label":"{field_label}","quantity_label":"Quantity","quantity_step":"1","quantity_decimal":false,"min_quantity":"1","uploadSize":500,"exts_supported":[".ai",".eps",".pdf"],"pricingType":"fixed","isTemplate":false,"price":"50","isWeightTemplate":false,"cl_rule":"hide","col":2,"type":"file","error":false,"use_as_fee":true,"tooltip":"Vector files: Ai, Eps, Pdf","allowedFileTypes":".ai,.eps,.pdf","gt_translate_keys":["label","description","tooltip","repeater_field_label","quantity_label"],"price_dependency":["checkbox-0548813759"],"cl_dependency":["file_8139211871"],"value":""}],[{"active":true,"col":6,"relations":false,"cl_rule":"show","enableCl":false,"price":"","enablePrice":false,"className":"","label_position":"default","desc_position":"default","type":"content","required":false,"elementId":"content_3930684112","label":"\u26a0\ufe0f  Important: Image Quality & Sizing Guidelines","name":"content_3930684112","contentType":"rich","value":"<p><strong>We do not review or alter your artwork.<\/strong><\/p>\n<p>To get the best results, your file should be saved at <strong>300 DPI (dots per inch)<\/strong>.&nbsp;<\/p>\n<p><strong>Ensure that your PNG artwork dimensions match the Height (in) \u00d7 Width (in) entered on the form.<\/strong> If not, we\u2019ll print your file at 100% of its original size and adjust the pricing if necessary.<\/p>","isTemplate":false,"error":false,"enableDesign":true,"LabelSize":"18px","DescSize":"14px","LabelColor":"#d0021b","gt_translate_keys":["label","value"],"price_dependency":false,"cl_dependency":false}],[{"active":true,"col":1,"relations":false,"cl_rule":"show","enableCl":false,"price":"","enablePrice":false,"className":"","label_position":"default","desc_position":"default","type":"number","required":true,"elementId":"number_96889236264662","label":"Width (in)","name":"number_96889236264662","value":"0","error":false,"max":"","min":"","pricingType":"custom","isTemplate":true,"is_show_price":true,"formulaId":"fmla_1717440335960519124","placeholder":"0","isWeightTemplate":false,"min_quantity":"1","quantity_decimal":false,"quantity_step":"1","quantity_label":"Quantity","repeater_field_label":"{field_label}","repeater_bind":"","gt_translate_keys":["label","placeholder","value","repeater_field_label","quantity_label"],"price_dependency":["number_86889236264673"],"cl_dependency":false},{"label":"Height (in)","active":true,"required":true,"elementId":"number_5688923626466c","value":"0","name":"number_5688923626466c","label_position":"above","desc_position":"below","enablePrice":true,"className":"","enableCl":true,"relations":[{"operator":false,"rules":[{"operator":"AND","rules":{"cl_field":"","cl_relation":"","cl_val":""}}]}],"min":"","max":"","price":"50","cl_rule":"show","col":1,"type":"number","error":false,"pricingType":"custom","isTemplate":true,"formulaId":"fmla_1758895538308356219","placeholder":"0","use_as_fee":false,"hideFieldIn_cart":false,"hideFieldIn_order":false,"isWeightTemplate":false,"min_quantity":"1","quantity_decimal":false,"quantity_step":"1","quantity_label":"Quantity","repeater_field_label":"{field_label}","repeater_bind":"","is_show_price":true,"gt_translate_keys":["label","placeholder","value","repeater_field_label","quantity_label"],"price_dependency":["number_86889236264673"],"cl_dependency":false},{"active":true,"col":2,"relations":[{"operator":false,"rules":[{"operator":"AND","rules":{"cl_field":"attribute","cl_relation":"is","cl_val":"color-dm","cl_field_sub":"pa_custom-dtv"}}]}],"cl_rule":"show","enableCl":false,"price":"({quantity}>499)?0.11:(({quantity}>249)?0.12:(({quantity}>74)?0.13:(({quantity}>24)?0.17:({field.number_96889236264662.value}*{field.number_5688923626466c.value}))))","enablePrice":true,"className":"","label_position":"default","desc_position":"default","type":"number","required":true,"elementId":"number_86889236264673","label":"Total Quantity ","name":"number_86889236264673","value":"1","error":false,"hideFieldIn_cart":true,"hideFieldIn_order":true,"is_show_price":false,"pricingType":"custom","isTemplate":true,"formulaId":"fmla_1757527724882230416","enable_quantity":false,"quantity_label":"Quantity","min":"1","placeholder":"1","requiredError":"Minimum order value for this product is $35.","minValueError":"","tooltip":"","isWeightTemplate":false,"min_quantity":"1","quantity_decimal":false,"quantity_step":"1","repeater_field_label":"{field_label}","repeater_bind":"","gt_translate_keys":["label","placeholder","value","tooltip","repeater_field_label","quantity_label","requiredError","minValueError"],"price_dependency":["checkbox_5688923626467b"],"cl_dependency":false}],[{"label":"Digital Proof Fees","active":true,"required":false,"elementId":"checkbox-9523098988","check_value":"Yes","value":false,"description":"Request a PDF to approve before final production begins.","name":"checkbox-9523098988","desc_position":"default","enablePrice":true,"className":"","enableCl":false,"relations":[{"operator":false,"rules":[{"operator":"AND","rules":{"cl_field":"product_ids","cl_relation":"is","cl_val":"37053","cl_field_sub":"pa_custom-dtv"}}]}],"repeater_bind":"","repeater_field_label":"{field_label}","quantity_label":"Quantity","quantity_step":"1","quantity_decimal":false,"min_quantity":"1","checkUi":"toggle","pricingType":"fixed","isTemplate":false,"price":"50","use_as_fee":true,"is_show_price":false,"isWeightTemplate":false,"cl_rule":"hide","col":2,"type":"checkbox","error":false,"gt_translate_keys":["label","description","value","repeater_field_label","quantity_label","check_value"],"price_dependency":["checkbox-0548813759"],"cl_dependency":false},{"label":"Prepress Fees","active":true,"required":false,"elementId":"checkbox-9771842362","check_value":"Yes","value":false,"description":"Any file re-sizing and\/or cropping.","name":"checkbox-9771842362","desc_position":"default","enablePrice":true,"className":"","enableCl":true,"relations":[{"operator":false,"rules":[{"operator":false,"rules":{"cl_field":"file_8139211871","cl_relation":"is_not_empty","cl_val":""}}]}],"repeater_bind":"","repeater_field_label":"{field_label}","quantity_label":"Quantity","quantity_step":"1","quantity_decimal":false,"min_quantity":"1","checkUi":"toggle","pricingType":"fixed","isTemplate":false,"price":"50","use_as_fee":true,"is_show_price":false,"isWeightTemplate":false,"cl_rule":"show","col":2,"type":"checkbox","error":false,"gt_translate_keys":["label","description","value","repeater_field_label","quantity_label","check_value"],"price_dependency":["checkbox-0548813759"],"cl_dependency":false},{"active":true,"col":2,"relations":false,"cl_rule":"show","enableCl":false,"price":"","enablePrice":true,"className":"","label_position":"default","desc_position":"default","type":"radio-group","required":true,"elementId":"radio_2884187510","label":"Final output","name":"radio_2884187510","values":[{"label":"Roll format","value":"roll","selected":false,"tempId":"aco_179","price":"0","gt_translate_keys":["label"]},{"label":"Pre-cut singles","value":"cut","selected":false,"tempId":"aco_180","price":"0.42","gt_translate_keys":["label"]}],"isWeightTemplate":false,"error":false,"isTemplate":false,"layOut":"inline","checkUi":"toggle","min_quantity":"1","quantity_decimal":false,"quantity_step":"1","quantity_label":"Quantity","repeater_field_label":"{field_label}","repeater_bind":"","priceOptions":"different_for_all","pricingType":"custom","gt_translate_keys":["label","repeater_field_label","quantity_label"],"price_dependency":false,"cl_dependency":false,"value":""}],[{"active":true,"col":6,"relations":false,"cl_rule":"show","enableCl":false,"price":"","enablePrice":false,"className":"","label_position":"default","desc_position":"default","type":"separator","required":false,"elementId":"separator_5970991034","label":"Separator Field","height":"2","separatorType":"fill","error":false,"separatorColor":"#9b9b9b","gt_translate_keys":["label"],"price_dependency":false,"cl_dependency":false,"value":""}],[{"active":true,"col":6,"relations":false,"cl_rule":"show","enableCl":false,"price":"{field.number_86889236264673.price}\/{quantity}","enablePrice":true,"className":"","label_position":"default","desc_position":"default","type":"checkbox","required":true,"elementId":"checkbox_5688923626467b","label":"Unit Price","name":"checkbox_5688923626467b","value":true,"check_value":"Yes","checkUi":"","error":false,"description":"","pricingType":"custom","isTemplate":true,"is_show_price":true,"hideFieldIn_cart":true,"hideFieldIn_order":true,"isWeightTemplate":false,"min_quantity":"1","quantity_decimal":false,"quantity_step":"1","quantity_label":"Quantity","repeater_field_label":"{field_label}","repeater_bind":"","formulaId":"fmla_1755008450981720221","gt_translate_keys":["label","description","value","repeater_field_label","quantity_label","check_value"],"price_dependency":false,"cl_dependency":false}],[{"label":"Total Fees","active":true,"required":true,"elementId":"checkbox-0548813759","check_value":"Yes","value":true,"description":"","name":"checkbox-0548813759","desc_position":"default","enablePrice":true,"className":"","enableCl":false,"relations":false,"repeater_bind":"","repeater_field_label":"{field_label}","quantity_label":"Quantity","quantity_step":"1","quantity_decimal":false,"min_quantity":"1","checkUi":"","pricingType":"custom","isTemplate":false,"price":"({field.checkbox-9523098988.price}+{field.checkbox-9771842362.price}+{field.file-9841283525.price}+{field.checkbox-3618943881.price})\/{quantity}\n","formulaId":"fmla_1757527724882230416","is_show_price":true,"isWeightTemplate":false,"cl_rule":"show","col":6,"type":"checkbox","error":false,"use_as_fee":false,"hideFieldIn_order":true,"hideFieldIn_cart":true,"gt_translate_keys":["label","description","value","repeater_field_label","quantity_label","check_value"],"price_dependency":false,"cl_dependency":false}]]}},"config":{"price_override":"if_gt_zero","enable_recaptcha":false,"bind_quantity":true,"quantity_bind_formula":"{field.number_86889236264673.value}","disp_summ_show_option_price":true,"disp_summ_show_product_price":true,"disp_summ_show_total_price":true,"disp_summ_show_fee":true,"disp_summ_show_discount":true,"summary_title":"","options_total_label":"Subtotal Decoration","total_label":"Sous-total","options_product_label":"Subtotal Product","fee_label":"Frais Additionnels","discount_label":"Discount","has_price":true,"has_quantity_formula":true},"mc_unit":1,"tax_rate":1,"tax_rate_real":0.14975,"discount":{"percentage":0,"fixed":0},"design":{"conf":{"LabelPosition":"above","DescPosition":"below","UploadField":"custom_1","QuantityFieldStyle":"default"},"css":{"LeftLabelWidth":"120px"}},"formulas":{"fmla_1755008450981720221":"({field.number_86889236264673.price}+{field.radio_2884187510.price})\/{quantity}\n\n","fmla_1757527724882230416":"({field.number_5688923626466c.price}*Math.ceil(((({field.number_96889236264662.value}*{field.number_5688923626466c.value})))))","fmla_1758895538308356219":"0.07","fmla_1762362000054521990":"((\n{field.radio_2884187510.price}))\/{quantity}"},"lookuptables":[],"clones":false,"cartKey":false}},"tiered_pricing_type":"fixed","tiered_pricing_fixed_rules":[],"tiered_pricing_product_settings":{"layout":"default","base_unit_name":{"singular":null,"plural":null},"default_variation":null},"tiered_pricing_minimum_quantity":null,"tiered_pricing_roles_data":[],"tiered_pricing_percentage_rules":[],"_links":{"self":[{"href":"https:\/\/staging.amacorprintz.com\/fr\/wp-json\/wp\/v2\/product\/36728","targetHints":{"allow":["GET"]}}],"collection":[{"href":"https:\/\/staging.amacorprintz.com\/fr\/wp-json\/wp\/v2\/product"}],"about":[{"href":"https:\/\/staging.amacorprintz.com\/fr\/wp-json\/wp\/v2\/types\/product"}],"replies":[{"embeddable":true,"href":"https:\/\/staging.amacorprintz.com\/fr\/wp-json\/wp\/v2\/comments?post=36728"}],"wp:featuredmedia":[{"embeddable":true,"href":"https:\/\/staging.amacorprintz.com\/fr\/wp-json\/wp\/v2\/media\/36739"}],"wp:attachment":[{"href":"https:\/\/staging.amacorprintz.com\/fr\/wp-json\/wp\/v2\/media?parent=36728"}],"wp:term":[{"taxonomy":"product_brand","embeddable":true,"href":"https:\/\/staging.amacorprintz.com\/fr\/wp-json\/wp\/v2\/product_brand?post=36728"},{"taxonomy":"product_cat","embeddable":true,"href":"https:\/\/staging.amacorprintz.com\/fr\/wp-json\/wp\/v2\/product_cat?post=36728"},{"taxonomy":"product_tag","embeddable":true,"href":"https:\/\/staging.amacorprintz.com\/fr\/wp-json\/wp\/v2\/product_tag?post=36728"},{"taxonomy":"product_brands","embeddable":true,"href":"https:\/\/staging.amacorprintz.com\/fr\/wp-json\/wp\/v2\/product_brands?post=36728"}],"curies":[{"name":"wp","href":"https:\/\/api.w.org\/{rel}","templated":true}]}}