{"id":36712,"date":"2025-08-13T08:41:06","date_gmt":"2025-08-13T12:41:06","guid":{"rendered":"https:\/\/staging.amacorprintz.com\/?post_type=product&#038;p=36712"},"modified":"2025-08-13T08:42:15","modified_gmt":"2025-08-13T12:42:15","slug":"custom-htv-silicone","status":"publish","type":"product","link":"https:\/\/staging.amacorprintz.com\/fr\/product\/custom-htv-silicone\/","title":{"rendered":"HTV personnalis\u00e9 &#8211; Silicone"},"content":{"rendered":"<h3>Pr\u00eat \u00e0 appliquer, simple et pratique<\/h3>\n<p>Envoyez-nous votre illustration num\u00e9rique, nous l&rsquo;imprimerons, la d\u00e9couperons et l&rsquo;\u00e9chenillerons sur des feuilles de support transparentes.<br \/>\nVous recevrez des transferts pr\u00eats \u00e0 \u00eatre appliqu\u00e9s directement \u00e0 chaud.<\/p>\n<h4>Instructions pour le pressage \u00e0 chaud<\/h4>\n<ul>\n<li>Utilisation : feuille de couverture ou papier polyvalent<\/li>\n<li>Pr\u00e9chauffage : v\u00eatement pendant 2 \u00e0 3 secondes<\/li>\n<li>Temp\u00e9rature : 310 \u00b0F (155 \u00b0C)<\/li>\n<li>Dur\u00e9e : 20 secondes<\/li>\n<li>Pression : moyenne<\/li>\n<li>D\u00e9collage : Froid<\/li>\n<\/ul>\n<h5>Entretien<\/h5>\n<ul>\n<li>Attendez 24 heures apr\u00e8s l&rsquo;application<\/li>\n<li>Lavez \u00e0 la machine \u00e0 l&rsquo;eau ti\u00e8de ou froide avec un d\u00e9tergent doux<\/li>\n<li>Ne pas blanchir, nettoyer \u00e0 sec ou utiliser d&rsquo;adoucissant liquide<\/li>\n<li>Suspendez pour s\u00e9cher<\/li>\n<\/ul>\n","protected":false},"excerpt":{"rendered":"<p>Thick, flexible, and smooth with a premium rubber-like finish.<br data-start=\"2019\" data-end=\"2022\" \/>Durable and stretchable\u2014ideal for performance wear and premium branding.<\/p>\n","protected":false},"featured_media":36713,"comment_status":"open","ping_status":"closed","template":"","meta":{"_acf_changed":false,"_seopress_robots_primary_cat":"","_seopress_titles_title":"","_seopress_titles_desc":"","_seopress_robots_index":"","_kb_optimizer_status":0,"_kad_blocks_custom_css":"","_kad_blocks_head_custom_js":"","_kad_blocks_body_custom_js":"","_kad_blocks_footer_custom_js":"","_kad_post_transparent":"default","_kad_post_title":"","_kad_post_layout":"default","_kad_post_sidebar_id":"","_kad_post_content_style":"default","_kad_post_vertical_padding":"default","_kad_post_feature":"","_kad_post_feature_position":"","_kad_post_header":false,"_kad_post_footer":false,"_kad_post_classname":""},"product_brand":[],"product_cat":[638,634],"product_tag":[],"product_brands":[],"class_list":{"0":"post-36712","1":"product","2":"type-product","3":"status-publish","4":"has-post-thumbnail","6":"product_cat-htv-fr","7":"product_cat-pret-pour-application","8":"wcpa_has_options","10":"first","11":"instock","12":"taxable","13":"shipping-taxable","14":"purchasable","15":"product-type-variable","16":"entry","17":"content-bg","18":"loop-entry"},"acf":[],"taxonomy_info":{"product_cat":[{"value":638,"label":"HTV"},{"value":634,"label":"Pr\u00eat pour application"}]},"featured_image_src_large":["https:\/\/staging.amacorprintz.com\/wp-content\/uploads\/2025\/07\/Silicone-Close-Up-1024x1024.webp",1024,1024,true],"author_info":[],"comment_info":0,"wcpa_form_fields":{"wcpaData":{"product":{"product_price":0,"price_html":" ","original_product_price":0,"price_including_tax":0,"price_excluding_tax":0,"product_id":{"parent":36712,"variation":false},"is_variable":true,"stock_status":"instock","stock_quantity":null,"parent_sku":"AP-DTA-HTV-BR60020P50xx","product_attributes":{"pa_colors-brick-600":{"is_variation":true,"values":[]}},"custom_fields":{"wcpa_pcf_sso_1color":"(({quantity}>1151)?(1.52) : (({quantity}>575)?(1.79) : (({quantity}>287)?(1.97) : (({quantity}>143)?(2.96) : (({quantity}>71)?(3.49) : (({quantity}>47)?(4.93) : (({quantity}>23)?(7.08) : (0))))))))","wcpa_pcf_sso_2colors":"(({quantity}>1151)?(1.88) : (({quantity}>575)?(2.24) : (({quantity}>287)?(2.60) : (({quantity}>143)?(3.85) : (({quantity}>71)?(5.02) : (({quantity}>47)?(6.72) : (({quantity}>23)?(9.77) : (0))))))))","wcpa_pcf_sso_3colors":"(({quantity}>1151)?(2.24) : (({quantity}>575)?(2.69) : (({quantity}>287)?(3.23) : (({quantity}>143)?(4.75) : (({quantity}>71)?(6.54) : (({quantity}>47)?(8.51) : (({quantity}>23)?(12.46) : (0))))))))","wcpa_pcf_sso_4colors":"(({quantity}>1151)?(2.60) : (({quantity}>575)?(3.14) : (({quantity}>287)?(3.85) : (({quantity}>143)?(5.65) : (({quantity}>71)?(8.06) : (({quantity}>47)?(10.30) : (({quantity}>23)?(15.14) : (0))))))))","wcpa_pcf_sso_5colors":"(({quantity}>1151)?(2.96) : (({quantity}>575)?(3.58) : (({quantity}>287)?(4.48) : (({quantity}>143)?(6.54) : (0)))))","wcpa_pcf_widthheightpat":"{field.number_566e9ea3614825.value}*{field.number_566e9ea361482f.value}"},"is_taxable":true,"product_name":"HTV personnalis\u00e9 - Silicone","hasImage":false},"fields":{"sec_1068d6bdcf1314f":{"extra":{"key":"sec_1068d6bdcf1314f","section_id":"sec_1068d6bdcf1314f","name":"","status":1,"cl_rule":"show","enableCl":false,"relations":[],"toggle":true,"title_tag":"h3","show_title":false,"showPrice":"hide","repeater_section_field_label":"{field_label} ","repeater_section_label":"{section_name} - {counter} ","repeater_bind":"","repeater":false,"repeater_max":"5","layout_option":"standard","form_id":37812,"form_rules":{"exclude_from_discount":false,"fee_label":"Frais Additionnels","disp_hide_options_price":true,"disp_show_section_price":false,"disp_show_field_price":true,"layout_option":"standard","pric_use_as_fee":false,"process_fee_as":"woo_fee"}},"fields":[[{"label":"Artwork Upload","active":true,"required":false,"elementId":"file_868d6bdcf13178","upload_type":"droppable","file_types":[],"description":"Accepted files are vector only .ai, .eps & .pdf which must have all text converted to curves.","name":"file_868d6bdcf13178","label_position":"above","desc_position":"above","enablePrice":false,"className":"","enableCl":true,"relations":[{"operator":false,"rules":[{"operator":"AND","rules":{"cl_field":"file_368d6bdcf1316e","cl_relation":"is_not_empty","cl_val":""}}]}],"repeater_bind":"","repeater_field_label":"{field_label}","quantity_label":"Quantity","quantity_step":"1","quantity_decimal":false,"min_quantity":"1","uploadSize":500,"exts_supported":[".ai",".eps",".pdf"],"pricingType":"fixed","isTemplate":false,"price":"50","isWeightTemplate":false,"cl_rule":"hide","col":2,"type":"file","error":false,"use_as_fee":true,"tooltip":"Vector files: Ai, Eps, Pdf","allowedFileTypes":".ai,.eps,.pdf","gt_translate_keys":["label","description","tooltip","repeater_field_label","quantity_label"],"price_dependency":false,"cl_dependency":false,"value":""}]]},"sec_766606f5f715d3":{"extra":{"key":"sec_766606f5f715d3","section_id":"sec_766606f5f715d3","name":"Default","status":1,"cl_rule":"show","enableCl":false,"relations":[],"toggle":true,"title_tag":"h3","show_title":false,"showPrice":"default","form_id":36352,"form_rules":{"exclude_from_discount":false,"fee_label":"Frais Additionnels","disp_hide_options_price":true,"disp_show_section_price":false,"disp_show_field_price":true,"layout_option":"standard","pric_use_as_fee":false,"process_fee_as":"woo_fee"},"layout_option":"standard"},"fields":[[{"active":true,"col":2,"relations":[{"operator":false,"rules":[{"operator":"AND","rules":{"cl_field":"number_766606f5f7160d","cl_relation":"is_lessthan","cl_val":"35"}}]}],"cl_rule":"show","enableCl":false,"price":"35 - {field.number_766606f5f7160d.price}","enablePrice":false,"className":"","label_position":"default","desc_position":"default","type":"number","required":true,"elementId":"number_566606f5f715f6","label":"Width (in)","name":"number_566606f5f715f6","value":"0","error":false,"max":"","min":"","pricingType":"custom","isTemplate":false,"is_show_price":false,"formulaId":"fmla_1738855295857445762","placeholder":"0","use_as_fee":true,"gt_translate_keys":["label","placeholder","value"],"price_dependency":["number_766606f5f7160d"],"cl_dependency":false},{"label":"Height (in)","active":true,"required":true,"elementId":"number_166606f5f71603","value":"0","name":"number_166606f5f71603","label_position":"default","desc_position":"default","enablePrice":false,"className":"","enableCl":false,"relations":[{"operator":false,"rules":[{"operator":"AND","rules":{"cl_field":"","cl_relation":"","cl_val":""}}]}],"min":"","max":"","price":"{field.number_566606f5f715f6.value}*{value}","cl_rule":"show","col":2,"type":"number","error":false,"pricingType":"custom","isTemplate":false,"formulaId":"fmla_1717439507817923880","description":"","placeholder":"0","gt_translate_keys":["label","placeholder","description","value"],"price_dependency":["number_766606f5f7160d"],"cl_dependency":false},{"active":true,"col":2,"relations":[{"operator":false,"rules":[{"operator":"AND","rules":{"cl_field":"number_766606f5f7160d","cl_relation":"","cl_val":""}}]}],"cl_rule":"show","enableCl":false,"price":"(({quantity}>99)?((({field.number_566606f5f715f6.value}*{field.number_166606f5f71603.value}))\/2.35) :\n(({quantity}>49)?((({field.number_566606f5f715f6.value}*{field.number_166606f5f71603.value}))\/2.65) :\n(({quantity}>9)?((({field.number_566606f5f715f6.value}*{field.number_166606f5f71603.value}))\/2.95) :\n((({field.number_566606f5f715f6.value}*{field.number_166606f5f71603.value}))\/4.05))))\n\n\n","enablePrice":true,"className":"","label_position":"default","desc_position":"default","type":"number","required":true,"elementId":"number_766606f5f7160d","label":"Total Quantity ","name":"number_766606f5f7160d","value":"1","error":false,"hideFieldIn_cart":true,"hideFieldIn_order":true,"is_show_price":false,"pricingType":"custom","isTemplate":true,"formulaId":"fmla_1753898847534760752","enable_quantity":false,"quantity_label":"Quantity","min":"1","placeholder":"1","requiredError":"Minimum order value for this product is $35.","minValueError":"","tooltip":"","isWeightTemplate":false,"min_quantity":"1","quantity_decimal":false,"quantity_step":"1","repeater_field_label":"{field_label}","repeater_bind":"","gt_translate_keys":["label","placeholder","value","tooltip","repeater_field_label","quantity_label","requiredError","minValueError"],"price_dependency":["checkbox_6898719991"],"cl_dependency":false}],[{"active":true,"col":6,"relations":[{"operator":false,"rules":[{"operator":"AND","rules":{"cl_field":"custom_field","cl_relation":"is_greater_or_equal","cl_val":"35","cl_field_sub":"st_htv_glow_brick"}}]}],"cl_rule":"show","enableCl":false,"price":"{field.number_766606f5f7160d.price}\/{quantity}","enablePrice":true,"className":"","label_position":"above","desc_position":"below","type":"checkbox","required":true,"elementId":"checkbox_6898719991","label":"Unit Price","name":"checkbox_6898719991","value":true,"check_value":"Yes","checkUi":"","error":false,"pricingType":"custom","isTemplate":true,"is_show_price":true,"hideFieldIn_cart":true,"hideFieldIn_order":true,"description":"","isWeightTemplate":false,"min_quantity":"1","quantity_decimal":false,"quantity_step":"1","quantity_label":"Quantity","repeater_field_label":"{field_label}","repeater_bind":"","formulaId":"fmla_1757527868931569085","gt_translate_keys":["label","description","value","repeater_field_label","quantity_label","check_value"],"price_dependency":false,"cl_dependency":false}],[{"label":"Digital art fee","active":true,"required":true,"elementId":"checkbox-4433859925","check_value":"Yes","value":true,"description":"","name":"checkbox-4433859925","label_position":"above","desc_position":"below","enablePrice":true,"className":"","enableCl":false,"relations":[{"operator":false,"rules":[{"operator":"AND","rules":{"cl_field":"custom_field","cl_relation":"is_greater_or_equal","cl_val":"35","cl_field_sub":"st_htv_glow_brick"}}]}],"checkUi":"","pricingType":"custom","isTemplate":false,"price":"50","use_as_fee":true,"is_show_price":false,"cl_rule":"show","col":6,"type":"checkbox","error":false,"gt_translate_keys":["label","description","value","check_value"],"price_dependency":false,"cl_dependency":false}]]}},"config":{"price_override":"if_gt_zero","enable_recaptcha":false,"bind_quantity":true,"quantity_bind_formula":"{field.number_766606f5f7160d.value}","disp_summ_show_option_price":true,"disp_summ_show_product_price":true,"disp_summ_show_total_price":true,"disp_summ_show_fee":true,"disp_summ_show_discount":true,"summary_title":"","options_total_label":"Subtotal Decoration","total_label":"Sous-total","options_product_label":"Subtotal Product","fee_label":"Frais Additionnels","discount_label":"Discount","has_price":true,"has_quantity_formula":true},"mc_unit":1,"tax_rate":1,"tax_rate_real":0.14975,"discount":{"percentage":0,"fixed":0},"design":{"conf":{"LabelPosition":"above","DescPosition":"below","UploadField":"custom_1","QuantityFieldStyle":"default"},"css":{"LeftLabelWidth":"120px"}},"formulas":{"fmla_1755008450981720221":"{field.number_368d6bdcf1318d.price}*Math.ceil(((({field.number_868d6bdcf13187.value}*{field.number_368d6bdcf1318d.value}))))\n\n","fmla_1757527724882230416":"({field.number_368d6bdcf1318d.price}*Math.ceil(((({field.number_868d6bdcf13187.value}*{field.number_368d6bdcf1318d.value})))))\/{quantity}","fmla_1758895538308356219":"lookup(wcpa-table-1755008406,((({field.number_868d6bdcf13187.value}*{field.number_368d6bdcf1318d.value}))),{quantity},ceil)","fmla_1717517787618951713":"(((((({field.number_566606f5f715f6.value}*{field.number_166606f5f71603.value}))))>149.9999)?((({quantity}>96)?(20.42):\n(({quantity}>47)?(21.58):\n(({quantity}>11)?(22.58):\n(26.58))))):(((((({field.number_566606f5f715f6.value}*{field.number_166606f5f71603.value}))))>124.9999?(((({field.number_566606f5f715f6.value}*{field.number_166606f5f71603.value}))))<150:0)?((({quantity}>96)?(18.25):\n(({quantity}>47)?(19.25):\n(({quantity}>11)?(20.25):\n(23.75))))):(((((({field.number_566606f5f715f6.value}*{field.number_166606f5f71603.value}))))>99.9999?(((({field.number_566606f5f715f6.value}*{field.number_166606f5f71603.value}))))<125:0)?((({quantity}>96)?(16.25):\n(({quantity}>47)?(17.08):\n(({quantity}>11)?(17.92):\n(21.08))))):(((((({field.number_566606f5f715f6.value}*{field.number_166606f5f71603.value}))))>89.9999?(((({field.number_566606f5f715f6.value}*{field.number_166606f5f71603.value}))))<100:0)?((({quantity}>96)?(15.58):\n(({quantity}>47)?(16.42):\n(({quantity}>11)?(17.25):\n(20.42))))):((((({field.number_566606f5f715f6.value}*{field.number_166606f5f71603.value})))>79.9999?((({field.number_566606f5f715f6.value}*{field.number_166606f5f71603.value})))<90:0)?((({quantity}>99)?(14.25):\n(({quantity}>49)?(14.92):\n(({quantity}>9)?(15.75):\n(18.58))))):((((({field.number_566606f5f715f6.value}*{field.number_166606f5f71603.value})))>69.9999?((({field.number_566606f5f715f6.value}*{field.number_166606f5f71603.value})))<80:0)?((({quantity}>96)?(12.92):\n(({quantity}>47)?(13.42):\n(({quantity}>11)?(14.58):\n(17.42))))):((((({field.number_566606f5f715f6.value}*{field.number_166606f5f71603.value})))>59.9999?((({field.number_566606f5f715f6.value}*{field.number_166606f5f71603.value})))<70:0)?((({quantity}>96)?(11.25):\n(({quantity}>47)?(11.92):\n(({quantity}>11)?(12.75):\n(15.25))))):((((({field.number_566606f5f715f6.value}*{field.number_166606f5f71603.value})))>54.9999?((({field.number_566606f5f715f6.value}*{field.number_166606f5f71603.value})))<60:0)?((({quantity}>96)?(10.75):\n(({quantity}>47)?(11.25):\n(({quantity}>11)?(12.08):\n(14.42))))):((((({field.number_566606f5f715f6.value}*{field.number_166606f5f71603.value})))>49.9999?((({field.number_566606f5f715f6.value}*{field.number_166606f5f71603.value})))<55:0)?((({quantity}>96)?(9.95):\n(({quantity}>47)?(10.08):\n(({quantity}>11)?(10.92):\n(13.25))))):((((({field.number_566606f5f715f6.value}*{field.number_166606f5f71603.value})))>44.9999?((({field.number_566606f5f715f6.value}*{field.number_166606f5f71603.value})))<50:0)?((({quantity}>96)?(9.42):\n(({quantity}>47)?(9.92):\n(({quantity}>11)?(10.75):\n(13.08))))):((((({field.number_566606f5f715f6.value}*{field.number_166606f5f71603.value})))>39.9999?((({field.number_566606f5f715f6.value}*{field.number_166606f5f71603.value})))<45:0)?((({quantity}>96)?(8.92):\n(({quantity}>47)?(9.42):\n(({quantity}>11)?(10.25):\n(12.58))))):((((({field.number_566606f5f715f6.value}*{field.number_166606f5f71603.value})))>34.9999?((({field.number_566606f5f715f6.value}*{field.number_166606f5f71603.value})))<45:0)?((({quantity}>96)?(8.42):\n(({quantity}>47)?(8.75):\n(({quantity}>11)?(9.58):\n(11.75))))):((((({field.number_566606f5f715f6.value}*{field.number_166606f5f71603.value})))>29.9999?((({field.number_566606f5f715f6.value}*{field.number_166606f5f71603.value})))<35:0)?((({quantity}>96)?(7.42):\n(({quantity}>47)?(7.92):\n(({quantity}>11)?(8.58):\n(11.25))))):((((({field.number_566606f5f715f6.value}*{field.number_166606f5f71603.value})))>24.9999?((({field.number_566606f5f715f6.value}*{field.number_166606f5f71603.value})))<30:0)?((({quantity}>96)?(7.08):\n(({quantity}>47)?(7.42):\n(({quantity}>11)?(8.08):\n(10.58))))):((((({field.number_566606f5f715f6.value}*{field.number_166606f5f71603.value})))>19.9999?((({field.number_566606f5f715f6.value}*{field.number_166606f5f71603.value})))<25:0)?((({quantity}>96)?(6.08):\n(({quantity}>47)?(6.42):\n(({quantity}>11)?(7.25):\n(10.08))))):((((({field.number_566606f5f715f6.value}*{field.number_166606f5f71603.value})))>14.9999?((({field.number_566606f5f715f6.value}*{field.number_166606f5f71603.value})))<20:0)?((({quantity}>99)?(5.25):\n(({quantity}>49)?(5.75):\n(({quantity}>9)?(6.42):\n(8.92))))):((((({field.number_566606f5f715f6.value}*{field.number_166606f5f71603.value})))>9.9999?((({field.number_566606f5f715f6.value}*{field.number_166606f5f71603.value})))<15:0)?((({quantity}>96)?(4.75):\n(({quantity}>47)?(5.25):\n(({quantity}>11)?(5.75):\n(8.08))))):((((({field.number_566606f5f715f6.value}*{field.number_166606f5f71603.value})))>0.9999?((({field.number_566606f5f715f6.value}*{field.number_166606f5f71603.value})))<10:0)?((({quantity}>96)?(3.92):\n(({quantity}>47)?(4.42):\n(({quantity}>11)?(4.92):\n(6.75))))):(0)))))))))))))))))))","fmla_1753898847534760752":"lookup(wcpa-table-1753895882,((({field.number_566606f5f715f6.value}*{field.number_166606f5f71603.value}))),{quantity},ceil)","fmla_1757527868931569085":"(lookup(wcpa-table-1753895882,((({field.number_566606f5f715f6.value}*{field.number_166606f5f71603.value}))),{quantity},ceil))\/({quantity})"},"lookuptables":{"wcpa-table-1755008406":{"data":[{"a":"\ufeff","b":"1","c":"99999","d":null,"e":null,"f":null,"g":null,"h":null,"i":null},{"a":"1","b":"0.07","c":"0.07","d":null,"e":null,"f":null,"g":null,"h":null,"i":null},{"b":"0.07","c":"0.07","d":null,"e":null,"f":null,"g":null,"h":null,"i":null,"a":"144"}],"columns":[{"id":"a","columnData":{"key":"a","original":{"component":{"compare":null,"displayName":"TextComponent"},"columnData":{"alignRight":false,"continuousUpdates":true}}},"title":"A"},{"id":"b","columnData":{"key":"b","original":{"component":{"compare":null,"displayName":"TextComponent"},"columnData":{"alignRight":false,"continuousUpdates":true}}},"title":"B"},{"id":"c","columnData":{"key":"c","original":{"component":{"compare":null,"displayName":"TextComponent"},"columnData":{"alignRight":false,"continuousUpdates":true}}},"title":"C"},{"id":"d","columnData":{"key":"d","original":{"component":{"compare":null,"displayName":"TextComponent"},"columnData":{"alignRight":false,"continuousUpdates":true}}},"title":"D"},{"id":"e","columnData":{"key":"e","original":{"component":{"compare":null,"displayName":"TextComponent"},"columnData":{"alignRight":false,"continuousUpdates":true}}},"title":"E"},{"id":"f","columnData":{"key":"f","original":{"component":{"compare":null,"displayName":"TextComponent"},"columnData":{"alignRight":false,"continuousUpdates":true}}},"title":"F"},{"id":"g","columnData":{"key":"g","original":{"component":{"compare":null,"displayName":"TextComponent"},"columnData":{"alignRight":false,"continuousUpdates":true}}},"title":"G"},{"id":"h","columnData":{"key":"h","original":{"component":{"compare":null,"displayName":"TextComponent"},"columnData":{"alignRight":false,"continuousUpdates":true}}},"title":"H"},{"id":"i","columnData":{"key":"i","original":{"component":{"compare":null,"displayName":"TextComponent"},"columnData":{"alignRight":false,"continuousUpdates":true}}},"title":"I"}]},"wcpa-table-1753895882":{"data":[{"a":"\ufeff","b":"1","c":"11","d":"12","e":"47","f":"48","g":"95","h":"96","i":"9999"},{"a":"5","b":"6.75","c":"6.75","d":"4.92","e":"4.92","f":"4.42","g":"4.42","h":"3.92","i":"3.92"},{"a":"10","b":"8.08","c":"8.08","d":"5.75","e":"5.75","f":"5.25","g":"5.25","h":"4.75","i":"4.75"},{"a":"15","b":"8.92","c":"8.92","d":"6.42","e":"6.42","f":"5.75","g":"5.75","h":"5.25","i":"5.25"},{"a":"20","b":"10.08","c":"10.08","d":"7.25","e":"7.25","f":"6.42","g":"6.42","h":"6.08","i":"6.08"},{"a":"25","b":"10.58","c":"10.58","d":"8.08","e":"8.08","f":"7.42","g":"7.42","h":"7.08","i":"7.08"},{"a":"30","b":"11.25","c":"11.25","d":"8.58","e":"8.58","f":"7.92","g":"7.92","h":"7.42","i":"7.42"},{"a":"35","b":"11.75","c":"11.75","d":"9.58","e":"9.58","f":"8.75","g":"8.75","h":"8.42","i":"8.42"},{"a":"40","b":"12.58","c":"12.58","d":"10.25","e":"10.25","f":"9.42","g":"9.42","h":"8.92","i":"8.92"},{"a":"45","b":"13.08","c":"13.08","d":"10.75","e":"10.75","f":"9.92","g":"9.92","h":"9.42","i":"9.42"},{"a":"50","b":"13.25","c":"13.25","d":"10.92","e":"10.92","f":"10.08","g":"10.08","h":"9.95","i":"9.95"},{"a":"55","b":"14.42","c":"14.42","d":"12.08","e":"12.08","f":"11.25","g":"11.25","h":"10.75","i":"10.75"},{"a":"60","b":"15.25","c":"15.25","d":"12.75","e":"12.75","f":"11.92","g":"11.92","h":"11.25","i":"11.25"},{"a":"70","b":"17.42","c":"17.42","d":"14.58","e":"14.58","f":"13.42","g":"13.42","h":"12.92","i":"12.92"},{"a":"80","b":"18.58","c":"18.58","d":"15.75","e":"15.75","f":"14.92","g":"14.92","h":"14.25","i":"14.25"},{"a":"90","b":"20.42","c":"20.42","d":"17.25","e":"17.25","f":"16.42","g":"16.42","h":"15.58","i":"15.58"},{"a":"100","b":"21.08","c":"21.08","d":"17.92","e":"17.92","f":"17.08","g":"17.08","h":"16.25","i":"16.25"},{"a":"125","b":"23.75","c":"23.75","d":"20.25","e":"20.25","f":"19.25","g":"19.25","h":"18.25","i":"18.25"},{"a":"150","b":"26.58","c":"26.58","d":"22.58","e":"22.58","f":"21.58","g":"21.58","h":"20.42","i":"20.42"}],"columns":[{"id":"a","columnData":{"key":"a","original":{"component":{"compare":null,"displayName":"TextComponent"},"columnData":{"alignRight":false,"continuousUpdates":true}}},"title":"A"},{"id":"b","columnData":{"key":"b","original":{"component":{"compare":null,"displayName":"TextComponent"},"columnData":{"alignRight":false,"continuousUpdates":true}}},"title":"B"},{"id":"c","columnData":{"key":"c","original":{"component":{"compare":null,"displayName":"TextComponent"},"columnData":{"alignRight":false,"continuousUpdates":true}}},"title":"C"},{"id":"d","columnData":{"key":"d","original":{"component":{"compare":null,"displayName":"TextComponent"},"columnData":{"alignRight":false,"continuousUpdates":true}}},"title":"D"},{"id":"e","columnData":{"key":"e","original":{"component":{"compare":null,"displayName":"TextComponent"},"columnData":{"alignRight":false,"continuousUpdates":true}}},"title":"E"},{"id":"f","columnData":{"key":"f","original":{"component":{"compare":null,"displayName":"TextComponent"},"columnData":{"alignRight":false,"continuousUpdates":true}}},"title":"F"},{"id":"g","columnData":{"key":"g","original":{"component":{"compare":null,"displayName":"TextComponent"},"columnData":{"alignRight":false,"continuousUpdates":true}}},"title":"G"},{"id":"h","columnData":{"key":"h","original":{"component":{"compare":null,"displayName":"TextComponent"},"columnData":{"alignRight":false,"continuousUpdates":true}}},"title":"H"},{"id":"i","columnData":{"key":"i","original":{"component":{"compare":null,"displayName":"TextComponent"},"columnData":{"alignRight":false,"continuousUpdates":true}}},"title":"I"}]}},"clones":false,"cartKey":false}},"tiered_pricing_type":"fixed","tiered_pricing_fixed_rules":[],"tiered_pricing_product_settings":{"layout":"default","base_unit_name":{"singular":null,"plural":null},"default_variation":null},"tiered_pricing_minimum_quantity":null,"tiered_pricing_roles_data":[],"tiered_pricing_percentage_rules":[],"_links":{"self":[{"href":"https:\/\/staging.amacorprintz.com\/fr\/wp-json\/wp\/v2\/product\/36712","targetHints":{"allow":["GET"]}}],"collection":[{"href":"https:\/\/staging.amacorprintz.com\/fr\/wp-json\/wp\/v2\/product"}],"about":[{"href":"https:\/\/staging.amacorprintz.com\/fr\/wp-json\/wp\/v2\/types\/product"}],"replies":[{"embeddable":true,"href":"https:\/\/staging.amacorprintz.com\/fr\/wp-json\/wp\/v2\/comments?post=36712"}],"wp:featuredmedia":[{"embeddable":true,"href":"https:\/\/staging.amacorprintz.com\/fr\/wp-json\/wp\/v2\/media\/36713"}],"wp:attachment":[{"href":"https:\/\/staging.amacorprintz.com\/fr\/wp-json\/wp\/v2\/media?parent=36712"}],"wp:term":[{"taxonomy":"product_brand","embeddable":true,"href":"https:\/\/staging.amacorprintz.com\/fr\/wp-json\/wp\/v2\/product_brand?post=36712"},{"taxonomy":"product_cat","embeddable":true,"href":"https:\/\/staging.amacorprintz.com\/fr\/wp-json\/wp\/v2\/product_cat?post=36712"},{"taxonomy":"product_tag","embeddable":true,"href":"https:\/\/staging.amacorprintz.com\/fr\/wp-json\/wp\/v2\/product_tag?post=36712"},{"taxonomy":"product_brands","embeddable":true,"href":"https:\/\/staging.amacorprintz.com\/fr\/wp-json\/wp\/v2\/product_brands?post=36712"}],"curies":[{"name":"wp","href":"https:\/\/api.w.org\/{rel}","templated":true}]}}