{"id":5839,"date":"2022-09-14T15:16:53","date_gmt":"2022-09-14T19:16:53","guid":{"rendered":"https:\/\/vps89329.inmotionhosting.com\/conditions-generales\/"},"modified":"2025-04-16T12:48:13","modified_gmt":"2025-04-16T16:48:13","slug":"conditions-generales","status":"publish","type":"page","link":"https:\/\/staging.amacorprintz.com\/fr\/conditions-generales\/","title":{"rendered":"CONDITIONS G\u00c9N\u00c9RALES"},"content":{"rendered":"\n<h2 class=\"wp-block-heading\">CONDITIONS G\u00c9N\u00c9RALES<\/h2>\n\n<h3 class=\"wp-block-heading\">\u00c9preuves et approbations num\u00e9riques<\/h3>\n\n<p>Des \u00e9preuves num\u00e9riques sont fournies afin d&rsquo;approuver les dimensions et l&#8217;emplacement du logo. Les images pr\u00e9sent\u00e9es ne sont pas \u00e0 l&rsquo;\u00e9chelle et ne doivent \u00eatre utilis\u00e9es qu&rsquo;\u00e0 titre indicatif.<\/p>\n\n<p>Le client doit fournir \u00e0 Amacor Printz une ou plusieurs images de l&rsquo;objet \u00e0 d\u00e9corer. Si les images ne sont pas fournies, l&rsquo;\u00e9preuve ne comportera que le logo et les dimensions. Le positionnement standard de l&rsquo;industrie sera appliqu\u00e9.<\/p>\n\n<p>Toutes les approbations des clients doivent \u00eatre soumises par \u00e9crit.<\/p>\n\n<p>Tous les num\u00e9ros de suivi des marchandises entrantes doivent \u00eatre fournis dans les 24 heures afin de ne pas retarder votre commande.<\/p>\n\n<p>Toutes les \u00e9preuves doivent \u00eatre approuv\u00e9es dans les 24 heures suivant leur r\u00e9ception afin d&rsquo;honorer votre date d&rsquo;arriv\u00e9e, \u00e0 moins qu&rsquo;une commande urgente n&rsquo;ait \u00e9t\u00e9 approuv\u00e9e.<\/p>\n\n<p>Toutes les marchandises doivent \u00eatre re\u00e7ues 7 \u00e0 10 jours ouvrables avant la date de mise \u00e0 disposition confirm\u00e9e.<\/p>\n\n<h3 class=\"wp-block-heading\">Exp\u00e9dition<\/h3>\n\n<p>Amacor Printz ne v\u00e9rifie pas les styles, tailles et couleurs des produits fournis par les distributeurs, \u00e0 moins que l&rsquo;option de v\u00e9rification n&rsquo;ait \u00e9t\u00e9 s\u00e9lectionn\u00e9e. Amacor Printz ne sera pas tenu responsable des incoh\u00e9rences constat\u00e9es et\/ou des retards pouvant r\u00e9sulter de ces incoh\u00e9rences. <\/p>\n\n<p>Les frais d&rsquo;exp\u00e9dition sont ajout\u00e9s \u00e0 votre facture et sont bas\u00e9s sur le poids, les dimensions et le code postal.<\/p>\n\n<p>Sauf indication contraire sur votre bon de commande, notre mode d&rsquo;exp\u00e9dition standard est le service Purolator Express.<\/p>\n\n<p>Les demandes d&rsquo;assurance exp\u00e9dition doivent \u00eatre indiqu\u00e9es sur tous les bons de commande. Amacor Printz ne sera pas tenu responsable des colis perdus, endommag\u00e9s ou retard\u00e9s pendant le transport. La valeur assur\u00e9e doit \u00eatre sup\u00e9rieure \u00e0 100$.<\/p>\n\n<h3 class=\"wp-block-heading\">Notes g\u00e9n\u00e9rales<\/h3>\n\n<p>Les conditions peuvent \u00eatre modifi\u00e9es sans pr\u00e9avis.<\/p>\n\n<p>Toutes les commandes sont soumises \u00e0 l&rsquo;acceptation de notre repr\u00e9sentant du service client\u00e8le.<\/p>\n\n<p>Toutes les commandes en attente seront consid\u00e9r\u00e9es comme de nouvelles commandes et les prix seront refl\u00e9t\u00e9s comme tels.<\/p>\n\n<h3 class=\"wp-block-heading\">Fixation des prix<\/h3>\n\n<p>Les prix peuvent \u00eatre modifi\u00e9s sans pr\u00e9avis.<\/p>\n","protected":false},"excerpt":{"rendered":"<p>CONDITIONS G\u00c9N\u00c9RALES \u00c9preuves et approbations num\u00e9riques Des \u00e9preuves num\u00e9riques sont fournies afin d&rsquo;approuver les dimensions et l&#8217;emplacement du logo. Les images pr\u00e9sent\u00e9es ne sont pas \u00e0 l&rsquo;\u00e9chelle et ne doivent \u00eatre utilis\u00e9es qu&rsquo;\u00e0 titre indicatif. Le client doit fournir \u00e0 Amacor Printz une ou plusieurs images de l&rsquo;objet \u00e0 d\u00e9corer. Si les images ne sont&#8230;<\/p>\n","protected":false},"author":1595,"featured_media":0,"parent":0,"menu_order":0,"comment_status":"closed","ping_status":"closed","template":"","meta":{"_acf_changed":false,"_seopress_robots_primary_cat":"","_seopress_titles_title":"","_seopress_titles_desc":"","_seopress_robots_index":"","_kb_optimizer_status":0,"_kad_blocks_custom_css":"","_kad_blocks_head_custom_js":"","_kad_blocks_body_custom_js":"","_kad_blocks_footer_custom_js":"","_kad_post_transparent":"","_kad_post_title":"","_kad_post_layout":"","_kad_post_sidebar_id":"","_kad_post_content_style":"","_kad_post_vertical_padding":"","_kad_post_feature":"","_kad_post_feature_position":"","_kad_post_header":false,"_kad_post_footer":false,"_kad_post_classname":"","footnotes":""},"class_list":["post-5839","page","type-page","status-publish","hentry"],"acf":[],"taxonomy_info":[],"featured_image_src_large":false,"author_info":{"display_name":"Simon Riffou","author_link":"https:\/\/staging.amacorprintz.com\/fr\/author\/zzriff-nimda-15\/"},"comment_info":0,"_links":{"self":[{"href":"https:\/\/staging.amacorprintz.com\/fr\/wp-json\/wp\/v2\/pages\/5839","targetHints":{"allow":["GET"]}}],"collection":[{"href":"https:\/\/staging.amacorprintz.com\/fr\/wp-json\/wp\/v2\/pages"}],"about":[{"href":"https:\/\/staging.amacorprintz.com\/fr\/wp-json\/wp\/v2\/types\/page"}],"author":[{"embeddable":true,"href":"https:\/\/staging.amacorprintz.com\/fr\/wp-json\/wp\/v2\/users\/1595"}],"replies":[{"embeddable":true,"href":"https:\/\/staging.amacorprintz.com\/fr\/wp-json\/wp\/v2\/comments?post=5839"}],"version-history":[{"count":0,"href":"https:\/\/staging.amacorprintz.com\/fr\/wp-json\/wp\/v2\/pages\/5839\/revisions"}],"wp:attachment":[{"href":"https:\/\/staging.amacorprintz.com\/fr\/wp-json\/wp\/v2\/media?parent=5839"}],"curies":[{"name":"wp","href":"https:\/\/api.w.org\/{rel}","templated":true}]}}