{"id":5836,"date":"2023-03-08T21:07:36","date_gmt":"2023-03-09T02:07:36","guid":{"rendered":"https:\/\/vps89329.inmotionhosting.com\/politique-de-confidentialite\/"},"modified":"2025-04-16T12:59:24","modified_gmt":"2025-04-16T16:59:24","slug":"politique-de-confidentialite","status":"publish","type":"page","link":"https:\/\/staging.amacorprintz.com\/fr\/politique-de-confidentialite\/","title":{"rendered":"Politique de confidentialit\u00e9"},"content":{"rendered":"<style>.wp-block-kadence-advancedheading.kt-adv-heading_536f4a-73, .wp-block-kadence-advancedheading.kt-adv-heading_536f4a-73[data-kb-block=\"kb-adv-heading_536f4a-73\"]{font-style:normal;}.wp-block-kadence-advancedheading.kt-adv-heading_536f4a-73 mark.kt-highlight, .wp-block-kadence-advancedheading.kt-adv-heading_536f4a-73[data-kb-block=\"kb-adv-heading_536f4a-73\"] mark.kt-highlight{font-style:normal;color:#f76a0c;-webkit-box-decoration-break:clone;box-decoration-break:clone;padding-top:0px;padding-right:0px;padding-bottom:0px;padding-left:0px;}.wp-block-kadence-advancedheading.kt-adv-heading_536f4a-73 img.kb-inline-image, .wp-block-kadence-advancedheading.kt-adv-heading_536f4a-73[data-kb-block=\"kb-adv-heading_536f4a-73\"] img.kb-inline-image{width:150px;vertical-align:baseline;}<\/style>\n<h2 class=\"kt-adv-heading_536f4a-73 wp-block-kadence-advancedheading\" data-kb-block=\"kb-adv-heading_536f4a-73\">Politique de confidentialit\u00e9<\/h2>\n\n<p>Nous accordons une grande importance \u00e0 la protection de votre vie priv\u00e9e.<\/p>\n\n<p>Nous ne vendons pas vos informations personnelles.<\/p>\n\n<p>Nous utilisons des cookies et d&rsquo;autres technologies de suivi pour recueillir des informations afin de vous proposer des produits et des services susceptibles de vous int\u00e9resser.<\/p>\n\n<p>Notre site web a \u00e9t\u00e9 con\u00e7u dans un souci de protection et comporte des fonctions de s\u00e9curit\u00e9 suppl\u00e9mentaires pour \u00e9viter les violations de donn\u00e9es.<\/p>\n\n<p>En utilisant notre site web, vous consentez \u00e0 la collecte, au stockage et au traitement de vos informations.<\/p>\n\n<p><\/p>\n","protected":false},"excerpt":{"rendered":"<p>Politique de confidentialit\u00e9 Nous accordons une grande importance \u00e0 la protection de votre vie priv\u00e9e. Nous ne vendons pas vos informations personnelles. Nous utilisons des cookies et d&rsquo;autres technologies de suivi pour recueillir des informations afin de vous proposer des produits et des services susceptibles de vous int\u00e9resser. Notre site web a \u00e9t\u00e9 con\u00e7u dans&#8230;<\/p>\n","protected":false},"author":1595,"featured_media":0,"parent":0,"menu_order":0,"comment_status":"closed","ping_status":"closed","template":"","meta":{"_acf_changed":false,"_seopress_robots_primary_cat":"","_seopress_titles_title":"","_seopress_titles_desc":"","_seopress_robots_index":"","_kb_optimizer_status":0,"_kad_blocks_custom_css":"","_kad_blocks_head_custom_js":"","_kad_blocks_body_custom_js":"","_kad_blocks_footer_custom_js":"","_kad_post_transparent":"disable","_kad_post_title":"","_kad_post_layout":"normal","_kad_post_sidebar_id":"","_kad_post_content_style":"boxed","_kad_post_vertical_padding":"","_kad_post_feature":"","_kad_post_feature_position":"","_kad_post_header":false,"_kad_post_footer":false,"_kad_post_classname":"","footnotes":""},"class_list":["post-5836","page","type-page","status-publish","hentry"],"acf":[],"taxonomy_info":[],"featured_image_src_large":false,"author_info":{"display_name":"Simon Riffou","author_link":"https:\/\/staging.amacorprintz.com\/fr\/author\/zzriff-nimda-15\/"},"comment_info":0,"_links":{"self":[{"href":"https:\/\/staging.amacorprintz.com\/fr\/wp-json\/wp\/v2\/pages\/5836","targetHints":{"allow":["GET"]}}],"collection":[{"href":"https:\/\/staging.amacorprintz.com\/fr\/wp-json\/wp\/v2\/pages"}],"about":[{"href":"https:\/\/staging.amacorprintz.com\/fr\/wp-json\/wp\/v2\/types\/page"}],"author":[{"embeddable":true,"href":"https:\/\/staging.amacorprintz.com\/fr\/wp-json\/wp\/v2\/users\/1595"}],"replies":[{"embeddable":true,"href":"https:\/\/staging.amacorprintz.com\/fr\/wp-json\/wp\/v2\/comments?post=5836"}],"version-history":[{"count":0,"href":"https:\/\/staging.amacorprintz.com\/fr\/wp-json\/wp\/v2\/pages\/5836\/revisions"}],"wp:attachment":[{"href":"https:\/\/staging.amacorprintz.com\/fr\/wp-json\/wp\/v2\/media?parent=5836"}],"curies":[{"name":"wp","href":"https:\/\/api.w.org\/{rel}","templated":true}]}}