{"id":5090,"date":"2022-10-19T15:49:43","date_gmt":"2022-10-19T19:49:43","guid":{"rendered":"https:\/\/vps89329.inmotionhosting.com\/panier-2\/"},"modified":"2024-04-03T13:10:01","modified_gmt":"2024-04-03T17:10:01","slug":"panier","status":"publish","type":"page","link":"https:\/\/staging.amacorprintz.com\/fr\/panier\/","title":{"rendered":"Panier"},"content":{"rendered":"<style>.kb-row-layout-id5090_65b96e-79 > .kt-row-column-wrap{align-content:start;}:where(.kb-row-layout-id5090_65b96e-79 > .kt-row-column-wrap) > .wp-block-kadence-column{justify-content:start;}.kb-row-layout-id5090_65b96e-79 > .kt-row-column-wrap{column-gap:var(--global-kb-gap-md, 2rem);row-gap:var(--global-kb-gap-md, 2rem);padding-top:var(--global-kb-spacing-sm, 1.5rem);padding-bottom:var(--global-kb-spacing-sm, 1.5rem);grid-template-columns:minmax(0, calc(15% - ((var(--global-kb-gap-md, 2rem) * 1 )\/2)))minmax(0, calc(85% - ((var(--global-kb-gap-md, 2rem) * 1 )\/2)));}.kb-row-layout-id5090_65b96e-79 > .kt-row-layout-overlay{opacity:0.30;}@media all and (max-width: 1024px){.kb-row-layout-id5090_65b96e-79 > .kt-row-column-wrap{grid-template-columns:minmax(0, 1fr) minmax(0, 2fr);}}@media all and (max-width: 767px){.kb-row-layout-id5090_65b96e-79 > .kt-row-column-wrap{grid-template-columns:minmax(0, 1fr);}}<\/style><div class=\"kb-row-layout-wrap kb-row-layout-id5090_65b96e-79 alignnone wp-block-kadence-rowlayout\"><div class=\"kt-row-column-wrap kt-has-2-columns kt-row-layout-right-golden kt-tab-layout-inherit kt-mobile-layout-row kt-row-valign-top\">\n<style>.kadence-column5090_66d197-e9 > .kt-inside-inner-col,.kadence-column5090_66d197-e9 > .kt-inside-inner-col:before{border-top-left-radius:0px;border-top-right-radius:0px;border-bottom-right-radius:0px;border-bottom-left-radius:0px;}.kadence-column5090_66d197-e9 > .kt-inside-inner-col{column-gap:var(--global-kb-gap-sm, 1rem);}.kadence-column5090_66d197-e9 > .kt-inside-inner-col{flex-direction:column;}.kadence-column5090_66d197-e9 > .kt-inside-inner-col > .aligncenter{width:100%;}.kadence-column5090_66d197-e9 > .kt-inside-inner-col:before{opacity:0.3;}.kadence-column5090_66d197-e9{position:relative;}@media all and (max-width: 1024px){.kadence-column5090_66d197-e9 > .kt-inside-inner-col{flex-direction:column;justify-content:center;}}@media all and (max-width: 767px){.kadence-column5090_66d197-e9 > .kt-inside-inner-col{flex-direction:column;justify-content:center;}}<\/style>\n<div class=\"wp-block-kadence-column kadence-column5090_66d197-e9 inner-column-1\"><div class=\"kt-inside-inner-col\"><style>.wp-block-kadence-icon.kt-svg-icons5090_016847-54{justify-content:center;}<\/style>\n<div class=\"wp-block-kadence-icon kt-svg-icons kt-svg-icons5090_016847-54 alignnone\"><style>.kt-svg-item-5090_7a6ed9-cb .kb-svg-icon-wrap, .kt-svg-style-stacked.kt-svg-item-5090_7a6ed9-cb .kb-svg-icon-wrap{color:var(--global-palette1, #3182CE);font-size:60px;}<\/style>\n<div class=\"wp-block-kadence-single-icon kt-svg-style-default kt-svg-icon-wrap kt-svg-item-5090_7a6ed9-cb\"><span class=\"kb-svg-icon-wrap kb-svg-icon-fe_shoppingCart\"><svg viewBox=\"0 0 24 24\"  fill=\"none\" stroke=\"currentColor\" stroke-width=\"2\" stroke-linecap=\"round\" stroke-linejoin=\"round\" xmlns=\"http:\/\/www.w3.org\/2000\/svg\"  aria-hidden=\"true\"><circle cx=\"9\" cy=\"21\" r=\"1\"\/><circle cx=\"20\" cy=\"21\" r=\"1\"\/><path d=\"M1 1h4l2.68 13.39a2 2 0 0 0 2 1.61h9.72a2 2 0 0 0 2-1.61L23 6H6\"\/><\/svg><\/span><\/div>\n<\/div>\n<\/div><\/div>\n\n\n<style>.kadence-column5090_5572a0-62 > .kt-inside-inner-col,.kadence-column5090_5572a0-62 > .kt-inside-inner-col:before{border-top-left-radius:0px;border-top-right-radius:0px;border-bottom-right-radius:0px;border-bottom-left-radius:0px;}.kadence-column5090_5572a0-62 > .kt-inside-inner-col{column-gap:var(--global-kb-gap-sm, 1rem);}.kadence-column5090_5572a0-62 > .kt-inside-inner-col{flex-direction:column;}.kadence-column5090_5572a0-62 > .kt-inside-inner-col > .aligncenter{width:100%;}.kadence-column5090_5572a0-62 > .kt-inside-inner-col:before{opacity:0.3;}.kadence-column5090_5572a0-62{position:relative;}@media all and (max-width: 1024px){.kadence-column5090_5572a0-62 > .kt-inside-inner-col{flex-direction:column;justify-content:center;}}@media all and (max-width: 767px){.kadence-column5090_5572a0-62 > .kt-inside-inner-col{flex-direction:column;justify-content:center;}}<\/style>\n<div class=\"wp-block-kadence-column kadence-column5090_5572a0-62 inner-column-2\"><div class=\"kt-inside-inner-col\"><style>.wp-block-kadence-advancedheading.kt-adv-heading5090_80cc5f-b0, .wp-block-kadence-advancedheading.kt-adv-heading5090_80cc5f-b0[data-kb-block=\"kb-adv-heading5090_80cc5f-b0\"]{font-style:normal;}.wp-block-kadence-advancedheading.kt-adv-heading5090_80cc5f-b0 mark.kt-highlight, .wp-block-kadence-advancedheading.kt-adv-heading5090_80cc5f-b0[data-kb-block=\"kb-adv-heading5090_80cc5f-b0\"] mark.kt-highlight{font-style:normal;color:#f76a0c;-webkit-box-decoration-break:clone;box-decoration-break:clone;padding-top:0px;padding-right:0px;padding-bottom:0px;padding-left:0px;}.wp-block-kadence-advancedheading.kt-adv-heading5090_80cc5f-b0 img.kb-inline-image, .wp-block-kadence-advancedheading.kt-adv-heading5090_80cc5f-b0[data-kb-block=\"kb-adv-heading5090_80cc5f-b0\"] img.kb-inline-image{width:150px;vertical-align:baseline;}<\/style>\n<h1 class=\"kt-adv-heading5090_80cc5f-b0 wp-block-kadence-advancedheading has-theme-palette-1-color has-text-color\" data-kb-block=\"kb-adv-heading5090_80cc5f-b0\">D\u00e9tails du panier<\/h1>\n<\/div><\/div>\n\n<\/div><\/div>\n\n<style>.kb-row-layout-id5090_2fabc5-a3 > .kt-row-column-wrap{align-content:start;}:where(.kb-row-layout-id5090_2fabc5-a3 > .kt-row-column-wrap) > .wp-block-kadence-column{justify-content:start;}.kb-row-layout-id5090_2fabc5-a3 > .kt-row-column-wrap{column-gap:var(--global-kb-gap-md, 2rem);row-gap:var(--global-kb-gap-md, 2rem);padding-top:var(--global-kb-spacing-sm, 1.5rem);padding-bottom:var(--global-kb-spacing-sm, 1.5rem);grid-template-columns:minmax(0, 1fr);}.kb-row-layout-id5090_2fabc5-a3 > .kt-row-layout-overlay{opacity:0.30;}@media all and (max-width: 1024px){.kb-row-layout-id5090_2fabc5-a3 > .kt-row-column-wrap{grid-template-columns:minmax(0, 1fr);}}@media all and (max-width: 767px){.kb-row-layout-id5090_2fabc5-a3 > .kt-row-column-wrap{grid-template-columns:minmax(0, 1fr);}}<\/style><div class=\"kb-row-layout-wrap kb-row-layout-id5090_2fabc5-a3 alignnone wp-block-kadence-rowlayout\"><div class=\"kt-row-column-wrap kt-has-1-columns kt-row-layout-equal kt-tab-layout-inherit kt-mobile-layout-row kt-row-valign-top\">\n<style>.kadence-column5090_416cd2-68 > .kt-inside-inner-col,.kadence-column5090_416cd2-68 > .kt-inside-inner-col:before{border-top-left-radius:0px;border-top-right-radius:0px;border-bottom-right-radius:0px;border-bottom-left-radius:0px;}.kadence-column5090_416cd2-68 > .kt-inside-inner-col{column-gap:var(--global-kb-gap-sm, 1rem);}.kadence-column5090_416cd2-68 > .kt-inside-inner-col{flex-direction:column;}.kadence-column5090_416cd2-68 > .kt-inside-inner-col > .aligncenter{width:100%;}.kadence-column5090_416cd2-68 > .kt-inside-inner-col:before{opacity:0.3;}.kadence-column5090_416cd2-68{position:relative;}@media all and (max-width: 1024px){.kadence-column5090_416cd2-68 > .kt-inside-inner-col{flex-direction:column;justify-content:center;}}@media all and (max-width: 767px){.kadence-column5090_416cd2-68 > .kt-inside-inner-col{flex-direction:column;justify-content:center;}}<\/style>\n<div class=\"wp-block-kadence-column kadence-column5090_416cd2-68\"><div class=\"kt-inside-inner-col\">\n<h2 class=\"wp-block-heading has-text-align-center\">N&rsquo;oubliez pas de t\u00e9l\u00e9charger vos fichiers de logos et de texte<\/h2>\n<\/div><\/div>\n\n\n<style>.kadence-column5090_b0a3a6-8f > .kt-inside-inner-col,.kadence-column5090_b0a3a6-8f > .kt-inside-inner-col:before{border-top-left-radius:0px;border-top-right-radius:0px;border-bottom-right-radius:0px;border-bottom-left-radius:0px;}.kadence-column5090_b0a3a6-8f > .kt-inside-inner-col{column-gap:var(--global-kb-gap-sm, 1rem);}.kadence-column5090_b0a3a6-8f > .kt-inside-inner-col{flex-direction:column;}.kadence-column5090_b0a3a6-8f > .kt-inside-inner-col > .aligncenter{width:100%;}.kadence-column5090_b0a3a6-8f > .kt-inside-inner-col:before{opacity:0.3;}.kadence-column5090_b0a3a6-8f{position:relative;}@media all and (max-width: 1024px){.kadence-column5090_b0a3a6-8f > .kt-inside-inner-col{flex-direction:column;justify-content:center;}}@media all and (max-width: 767px){.kadence-column5090_b0a3a6-8f > .kt-inside-inner-col{flex-direction:column;justify-content:center;}}<\/style>\n<div class=\"wp-block-kadence-column kadence-column5090_b0a3a6-8f inner-column-1\"><div class=\"kt-inside-inner-col\">\n<\/div><\/div>\n\n<\/div><\/div>\n\n<style>.kb-row-layout-id5090_052134-9b > .kt-row-column-wrap{align-content:start;}:where(.kb-row-layout-id5090_052134-9b > .kt-row-column-wrap) > .wp-block-kadence-column{justify-content:start;}.kb-row-layout-id5090_052134-9b > .kt-row-column-wrap{column-gap:var(--global-kb-gap-md, 2rem);row-gap:var(--global-kb-gap-md, 2rem);padding-top:var(--global-kb-spacing-sm, 1.5rem);padding-bottom:var(--global-kb-spacing-sm, 1.5rem);grid-template-columns:minmax(0, 1fr);}.kb-row-layout-id5090_052134-9b > .kt-row-layout-overlay{opacity:0.30;}@media all and (max-width: 1024px){.kb-row-layout-id5090_052134-9b > .kt-row-column-wrap{grid-template-columns:minmax(0, 1fr);}}@media all and (max-width: 767px){.kb-row-layout-id5090_052134-9b > .kt-row-column-wrap{grid-template-columns:minmax(0, 1fr);}}<\/style><div class=\"kb-row-layout-wrap kb-row-layout-id5090_052134-9b alignnone wp-block-kadence-rowlayout\"><div class=\"kt-row-column-wrap kt-has-1-columns kt-row-layout-equal kt-tab-layout-inherit kt-mobile-layout-row kt-row-valign-top\">\n<style>.kadence-column5090_3cce82-1d > .kt-inside-inner-col,.kadence-column5090_3cce82-1d > .kt-inside-inner-col:before{border-top-left-radius:0px;border-top-right-radius:0px;border-bottom-right-radius:0px;border-bottom-left-radius:0px;}.kadence-column5090_3cce82-1d > .kt-inside-inner-col{column-gap:var(--global-kb-gap-sm, 1rem);}.kadence-column5090_3cce82-1d > .kt-inside-inner-col{flex-direction:column;}.kadence-column5090_3cce82-1d > .kt-inside-inner-col > .aligncenter{width:100%;}.kadence-column5090_3cce82-1d > .kt-inside-inner-col:before{opacity:0.3;}.kadence-column5090_3cce82-1d{position:relative;}@media all and (max-width: 1024px){.kadence-column5090_3cce82-1d > .kt-inside-inner-col{flex-direction:column;justify-content:center;}}@media all and (max-width: 767px){.kadence-column5090_3cce82-1d > .kt-inside-inner-col{flex-direction:column;justify-content:center;}}<\/style>\n<div class=\"wp-block-kadence-column kadence-column5090_3cce82-1d\"><div class=\"kt-inside-inner-col\"><style>.wp-block-kadence-spacer.kt-block-spacer-5090_4c42d2-4f .kt-block-spacer{height:40px;}.wp-block-kadence-spacer.kt-block-spacer-5090_4c42d2-4f .kt-divider{border-top-width:1px;height:1px;border-top-color:var(--global-palette6, #718096);width:100%;border-top-style:solid;}<\/style>\n<div class=\"wp-block-kadence-spacer aligncenter kt-block-spacer-5090_4c42d2-4f\"><div class=\"kt-block-spacer kt-block-spacer-halign-center\"><hr class=\"kt-divider\"\/><\/div><\/div>\n\n\n\n<p class=\"has-small-font-size\">Notes: <br>1. Les prix peuvent \u00eatre modifi\u00e9s sans pr\u00e9avis.<br>2. Les frais d&rsquo;exp\u00e9dition seront ajout\u00e9s, en utilisant les poids et dimensions d&rsquo;exp\u00e9dition exacts, apr\u00e8s l&rsquo;ach\u00e8vement de votre commande.<\/p>\n<\/div><\/div>\n\n<\/div><\/div>","protected":false},"excerpt":{"rendered":"<p>D\u00e9tails du panier N&rsquo;oubliez pas de t\u00e9l\u00e9charger vos fichiers de logos et de texte Notes: 1. Les prix peuvent \u00eatre modifi\u00e9s sans pr\u00e9avis.2. Les frais d&rsquo;exp\u00e9dition seront ajout\u00e9s, en utilisant les poids et dimensions d&rsquo;exp\u00e9dition exacts, apr\u00e8s l&rsquo;ach\u00e8vement de votre commande.<\/p>\n","protected":false},"author":1595,"featured_media":0,"parent":0,"menu_order":0,"comment_status":"closed","ping_status":"closed","template":"","meta":{"_acf_changed":false,"_seopress_robots_primary_cat":"","_seopress_titles_title":"","_seopress_titles_desc":"","_seopress_robots_index":"","_kb_optimizer_status":0,"_kad_blocks_custom_css":"","_kad_blocks_head_custom_js":"","_kad_blocks_body_custom_js":"","_kad_blocks_footer_custom_js":"","_kad_post_transparent":"disable","_kad_post_title":"","_kad_post_layout":"normal","_kad_post_sidebar_id":"","_kad_post_content_style":"boxed","_kad_post_vertical_padding":"","_kad_post_feature":"","_kad_post_feature_position":"","_kad_post_header":false,"_kad_post_footer":false,"_kad_post_classname":"","footnotes":""},"class_list":["post-5090","page","type-page","status-publish","hentry"],"acf":[],"taxonomy_info":[],"featured_image_src_large":false,"author_info":{"display_name":"Simon Riffou","author_link":"https:\/\/staging.amacorprintz.com\/fr\/author\/zzriff-nimda-15\/"},"comment_info":0,"_links":{"self":[{"href":"https:\/\/staging.amacorprintz.com\/fr\/wp-json\/wp\/v2\/pages\/5090","targetHints":{"allow":["GET"]}}],"collection":[{"href":"https:\/\/staging.amacorprintz.com\/fr\/wp-json\/wp\/v2\/pages"}],"about":[{"href":"https:\/\/staging.amacorprintz.com\/fr\/wp-json\/wp\/v2\/types\/page"}],"author":[{"embeddable":true,"href":"https:\/\/staging.amacorprintz.com\/fr\/wp-json\/wp\/v2\/users\/1595"}],"replies":[{"embeddable":true,"href":"https:\/\/staging.amacorprintz.com\/fr\/wp-json\/wp\/v2\/comments?post=5090"}],"version-history":[{"count":0,"href":"https:\/\/staging.amacorprintz.com\/fr\/wp-json\/wp\/v2\/pages\/5090\/revisions"}],"wp:attachment":[{"href":"https:\/\/staging.amacorprintz.com\/fr\/wp-json\/wp\/v2\/media?parent=5090"}],"curies":[{"name":"wp","href":"https:\/\/api.w.org\/{rel}","templated":true}]}}